{"id":77,"date":"2026-01-05T07:12:46","date_gmt":"2026-01-05T07:12:46","guid":{"rendered":"https:\/\/seasonfashion.site\/?post_type=product&#038;p=77"},"modified":"2026-02-27T05:52:06","modified_gmt":"2026-02-27T05:52:06","slug":"ao-hoodie-mua-dong-winter-wonderland","status":"publish","type":"product","link":"https:\/\/seasonfashion.site\/index.php\/san-pham\/ao-hoodie-mua-dong-winter-wonderland\/","title":{"rendered":"\u00c1o hoodie m\u00f9a \u0111\u00f4ng Winter Wonderland"},"content":{"rendered":"<div class=\"flex flex-col text-sm pb-25\">\n<article class=\"text-token-text-primary w-full focus:outline-none [--shadow-height:45px] has-data-writing-block:pointer-events-none has-data-writing-block:-mt-(--shadow-height) has-data-writing-block:pt-(--shadow-height) [&amp;:has([data-writing-block])&gt;*]:pointer-events-auto scroll-mt-[calc(var(--header-height)+min(200px,max(70px,20svh)))]\" dir=\"auto\" tabindex=\"-1\" data-turn-id=\"request-WEB:92f78505-3561-42c9-9d4c-39fd7016b283-4\" data-testid=\"conversation-turn-10\" data-scroll-anchor=\"true\" data-turn=\"assistant\">\n<div class=\"text-base my-auto mx-auto pb-10 [--thread-content-margin:--spacing(4)] @w-sm\/main:[--thread-content-margin:--spacing(6)] @w-lg\/main:[--thread-content-margin:--spacing(16)] px-(--thread-content-margin)\">\n<div class=\"[--thread-content-max-width:40rem] @w-lg\/main:[--thread-content-max-width:48rem] mx-auto max-w-(--thread-content-max-width) flex-1 group\/turn-messages focus-visible:outline-hidden relative flex w-full min-w-0 flex-col agent-turn\" tabindex=\"-1\">\n<div class=\"flex max-w-full flex-col grow\">\n<div class=\"min-h-8 text-message relative flex w-full flex-col items-end gap-2 text-start break-words whitespace-normal [.text-message+&amp;]:mt-1\" dir=\"auto\" data-message-author-role=\"assistant\" data-message-id=\"5026b1d5-6a82-4c6e-890a-c0eeaefcaccd\" data-message-model-slug=\"gpt-5-2\">\n<div class=\"flex w-full flex-col gap-1 empty:hidden first:pt-[1px]\">\n<div class=\"markdown prose dark:prose-invert w-full break-words light markdown-new-styling\">\n<p data-start=\"30\" data-end=\"416\">Chi\u1ebfc \u00e1o hoodie mang t\u00f4ng <strong data-start=\"56\" data-end=\"74\">xanh navy tr\u1ea7m<\/strong>, t\u1ea1o c\u1ea3m gi\u00e1c \u1ea5m \u00e1p v\u00e0 d\u1ec5 ph\u1ed1i \u0111\u1ed3 trong m\u00f9a l\u1ea1nh. \u1ede trung t\u00e2m l\u00e0 h\u00ecnh minh h\u1ecda <strong data-start=\"154\" data-end=\"177\">khung c\u1ea3nh m\u00f9a \u0111\u00f4ng<\/strong>: m\u1ed9t c\u0103n <strong data-start=\"187\" data-end=\"225\">cabin g\u1ed7 gi\u1eefa r\u1eebng th\u00f4ng ph\u1ee7 tuy\u1ebft<\/strong>, ph\u00eda xa l\u00e0 <strong data-start=\"238\" data-end=\"259\">n\u00fai tuy\u1ebft h\u00f9ng v\u0129<\/strong>, b\u1ea7u tr\u1eddi \u0111\u00eam r\u1ef1c s\u00e1ng <strong data-start=\"283\" data-end=\"296\">c\u1ef1c quang<\/strong> c\u00f9ng nh\u1eefng v\u00ec sao l\u1ea5p l\u00e1nh. H\u00ecnh \u1ea3nh <strong data-start=\"334\" data-end=\"345\">ch\u00fa nai<\/strong> \u0111\u1ee9ng tr\u01b0\u1edbc c\u0103n nh\u00e0 t\u1ea1o \u0111i\u1ec3m nh\u1ea5n sinh \u0111\u1ed9ng v\u00e0 g\u1ea7n g\u0169i v\u1edbi thi\u00ean nhi\u00ean.<\/p>\n<p data-start=\"418\" data-end=\"717\" data-is-last-node=\"\" data-is-only-node=\"\">D\u00f2ng ch\u1eef <strong data-start=\"427\" data-end=\"450\">\u201cWinter Wonderland\u201d<\/strong> \u0111\u01b0\u1ee3c \u0111\u1eb7t ph\u00eda d\u01b0\u1edbi h\u00ecnh in v\u1edbi font ch\u1eef m\u1ec1m m\u1ea1i, mang h\u01a1i h\u01b0\u1edbng c\u1ed5 \u0111i\u1ec3n, g\u1ee3i c\u1ea3m gi\u00e1c y\u00ean b\u00ecnh v\u00e0 l\u00e3ng m\u1ea1n c\u1ee7a m\u00f9a \u0111\u00f4ng. T\u1ed5ng th\u1ec3 thi\u1ebft k\u1ebf theo phong c\u00e1ch <strong data-start=\"606\" data-end=\"639\">illustration \u2013 cozy \u2013 vintage<\/strong>, ph\u00f9 h\u1ee3p m\u1eb7c h\u1eb1ng ng\u00e0y, \u0111i ch\u01a1i, du l\u1ecbch m\u00f9a l\u1ea1nh ho\u1eb7c l\u00e0m qu\u00e0 t\u1eb7ng cu\u1ed1i n\u0103m.<\/p>\n<\/div>\n<\/div>\n<\/div>\n<\/div>\n<div class=\"z-0 flex min-h-[46px] justify-start\"><\/div>\n<div class=\"mt-3 w-full empty:hidden\">\n<div class=\"text-center\"><\/div>\n<\/div>\n<\/div>\n<\/div>\n<\/article>\n<\/div>\n<div class=\"pointer-events-none h-px w-px absolute bottom-0\" aria-hidden=\"true\" data-edge=\"true\"><\/div>\n","protected":false},"excerpt":{"rendered":"<p>Chi\u1ebfc \u00e1o hoodie mang t\u00f4ng xanh navy tr\u1ea7m, t\u1ea1o c\u1ea3m gi\u00e1c \u1ea5m \u00e1p v\u00e0 d\u1ec5 ph\u1ed1i \u0111\u1ed3 trong m\u00f9a l\u1ea1nh. \u1ede trung t\u00e2m l\u00e0 h\u00ecnh minh h\u1ecda khung c\u1ea3nh m\u00f9a \u0111\u00f4ng: m\u1ed9t c\u0103n cabin g\u1ed7 gi\u1eefa r\u1eebng th\u00f4ng ph\u1ee7 tuy\u1ebft, ph\u00eda xa l\u00e0 n\u00fai tuy\u1ebft h\u00f9ng v\u0129, b\u1ea7u tr\u1eddi \u0111\u00eam r\u1ef1c s\u00e1ng c\u1ef1c quang c\u00f9ng &hellip; <\/p>\n<p class=\"link-more\"><a href=\"https:\/\/seasonfashion.site\/index.php\/san-pham\/ao-hoodie-mua-dong-winter-wonderland\/\" class=\"more-link\">\u0110\u1ecdc ti\u1ebfp<span class=\"screen-reader-text\"> &#8220;\u00c1o hoodie m\u00f9a \u0111\u00f4ng Winter Wonderland&#8221;<\/span><\/a><\/p>\n","protected":false},"featured_media":80,"comment_status":"open","ping_status":"closed","template":"","meta":[],"product_brand":[],"product_cat":[21],"product_tag":[],"class_list":{"0":"post-77","1":"product","2":"type-product","3":"status-publish","4":"has-post-thumbnail","6":"product_cat-ao-khoac","7":"entry","9":"first","10":"instock","11":"shipping-taxable","12":"purchasable","13":"product-type-simple"},"yoast_head":"<!-- This site is optimized with the Yoast SEO plugin v26.8 - https:\/\/yoast.com\/product\/yoast-seo-wordpress\/ -->\n<title>\u00c1o hoodie m\u00f9a \u0111\u00f4ng Winter Wonderland - Season Fashion<\/title>\n<meta name=\"robots\" content=\"index, follow, max-snippet:-1, max-image-preview:large, max-video-preview:-1\" \/>\n<link rel=\"canonical\" href=\"https:\/\/seasonfashion.site\/index.php\/san-pham\/ao-hoodie-mua-dong-winter-wonderland\/\" \/>\n<meta property=\"og:locale\" content=\"vi_VN\" \/>\n<meta property=\"og:type\" content=\"article\" \/>\n<meta property=\"og:title\" content=\"\u00c1o hoodie m\u00f9a \u0111\u00f4ng Winter Wonderland - Season Fashion\" \/>\n<meta property=\"og:description\" content=\"Chi\u1ebfc \u00e1o hoodie mang t\u00f4ng xanh navy tr\u1ea7m, t\u1ea1o c\u1ea3m gi\u00e1c \u1ea5m \u00e1p v\u00e0 d\u1ec5 ph\u1ed1i \u0111\u1ed3 trong m\u00f9a l\u1ea1nh. \u1ede trung t\u00e2m l\u00e0 h\u00ecnh minh h\u1ecda khung c\u1ea3nh m\u00f9a \u0111\u00f4ng: m\u1ed9t c\u0103n cabin g\u1ed7 gi\u1eefa r\u1eebng th\u00f4ng ph\u1ee7 tuy\u1ebft, ph\u00eda xa l\u00e0 n\u00fai tuy\u1ebft h\u00f9ng v\u0129, b\u1ea7u tr\u1eddi \u0111\u00eam r\u1ef1c s\u00e1ng c\u1ef1c quang c\u00f9ng &hellip; \u0110\u1ecdc ti\u1ebfp &quot;\u00c1o hoodie m\u00f9a \u0111\u00f4ng Winter Wonderland&quot;\" \/>\n<meta property=\"og:url\" content=\"https:\/\/seasonfashion.site\/index.php\/san-pham\/ao-hoodie-mua-dong-winter-wonderland\/\" \/>\n<meta property=\"og:site_name\" content=\"Season Fashion\" \/>\n<meta property=\"article:modified_time\" content=\"2026-02-27T05:52:06+00:00\" \/>\n<meta property=\"og:image\" content=\"https:\/\/seasonfashion.site\/wp-content\/uploads\/2026\/01\/b5ea8cfc-46b0-42aa-87b9-cfde85024fac.png\" \/>\n\t<meta property=\"og:image:width\" content=\"1024\" \/>\n\t<meta property=\"og:image:height\" content=\"1536\" \/>\n\t<meta property=\"og:image:type\" content=\"image\/png\" \/>\n<meta name=\"twitter:card\" content=\"summary_large_image\" \/>\n<meta name=\"twitter:label1\" content=\"\u01af\u1edbc t\u00ednh th\u1eddi gian \u0111\u1ecdc\" \/>\n\t<meta name=\"twitter:data1\" content=\"1 ph\u00fat\" \/>\n<script type=\"application\/ld+json\" class=\"yoast-schema-graph\">{\"@context\":\"https:\/\/schema.org\",\"@graph\":[{\"@type\":\"WebPage\",\"@id\":\"https:\/\/seasonfashion.site\/index.php\/san-pham\/ao-hoodie-mua-dong-winter-wonderland\/\",\"url\":\"https:\/\/seasonfashion.site\/index.php\/san-pham\/ao-hoodie-mua-dong-winter-wonderland\/\",\"name\":\"\u00c1o hoodie m\u00f9a \u0111\u00f4ng Winter Wonderland - Season Fashion\",\"isPartOf\":{\"@id\":\"https:\/\/seasonfashion.site\/#website\"},\"primaryImageOfPage\":{\"@id\":\"https:\/\/seasonfashion.site\/index.php\/san-pham\/ao-hoodie-mua-dong-winter-wonderland\/#primaryimage\"},\"image\":{\"@id\":\"https:\/\/seasonfashion.site\/index.php\/san-pham\/ao-hoodie-mua-dong-winter-wonderland\/#primaryimage\"},\"thumbnailUrl\":\"https:\/\/seasonfashion.site\/wp-content\/uploads\/2026\/01\/b5ea8cfc-46b0-42aa-87b9-cfde85024fac.png\",\"datePublished\":\"2026-01-05T07:12:46+00:00\",\"dateModified\":\"2026-02-27T05:52:06+00:00\",\"breadcrumb\":{\"@id\":\"https:\/\/seasonfashion.site\/index.php\/san-pham\/ao-hoodie-mua-dong-winter-wonderland\/#breadcrumb\"},\"inLanguage\":\"vi\",\"potentialAction\":[{\"@type\":\"ReadAction\",\"target\":[\"https:\/\/seasonfashion.site\/index.php\/san-pham\/ao-hoodie-mua-dong-winter-wonderland\/\"]}]},{\"@type\":\"ImageObject\",\"inLanguage\":\"vi\",\"@id\":\"https:\/\/seasonfashion.site\/index.php\/san-pham\/ao-hoodie-mua-dong-winter-wonderland\/#primaryimage\",\"url\":\"https:\/\/seasonfashion.site\/wp-content\/uploads\/2026\/01\/b5ea8cfc-46b0-42aa-87b9-cfde85024fac.png\",\"contentUrl\":\"https:\/\/seasonfashion.site\/wp-content\/uploads\/2026\/01\/b5ea8cfc-46b0-42aa-87b9-cfde85024fac.png\",\"width\":1024,\"height\":1536},{\"@type\":\"BreadcrumbList\",\"@id\":\"https:\/\/seasonfashion.site\/index.php\/san-pham\/ao-hoodie-mua-dong-winter-wonderland\/#breadcrumb\",\"itemListElement\":[{\"@type\":\"ListItem\",\"position\":1,\"name\":\"Trang ch\u1ee7\",\"item\":\"https:\/\/seasonfashion.site\/\"},{\"@type\":\"ListItem\",\"position\":2,\"name\":\"C\u1eeda h\u00e0ng\",\"item\":\"https:\/\/seasonfashion.site\/\"},{\"@type\":\"ListItem\",\"position\":3,\"name\":\"\u00c1o hoodie m\u00f9a \u0111\u00f4ng Winter Wonderland\"}]},{\"@type\":\"WebSite\",\"@id\":\"https:\/\/seasonfashion.site\/#website\",\"url\":\"https:\/\/seasonfashion.site\/\",\"name\":\"Season Fashion\",\"description\":\"\",\"publisher\":{\"@id\":\"https:\/\/seasonfashion.site\/#organization\"},\"potentialAction\":[{\"@type\":\"SearchAction\",\"target\":{\"@type\":\"EntryPoint\",\"urlTemplate\":\"https:\/\/seasonfashion.site\/?s={search_term_string}\"},\"query-input\":{\"@type\":\"PropertyValueSpecification\",\"valueRequired\":true,\"valueName\":\"search_term_string\"}}],\"inLanguage\":\"vi\"},{\"@type\":\"Organization\",\"@id\":\"https:\/\/seasonfashion.site\/#organization\",\"name\":\"Season Fashion\",\"url\":\"https:\/\/seasonfashion.site\/\",\"logo\":{\"@type\":\"ImageObject\",\"inLanguage\":\"vi\",\"@id\":\"https:\/\/seasonfashion.site\/#\/schema\/logo\/image\/\",\"url\":\"https:\/\/seasonfashion.site\/wp-content\/uploads\/2026\/01\/cropped-z7377435132739_591c3c6651a3cd29d71580a6881228e2-1.jpg\",\"contentUrl\":\"https:\/\/seasonfashion.site\/wp-content\/uploads\/2026\/01\/cropped-z7377435132739_591c3c6651a3cd29d71580a6881228e2-1.jpg\",\"width\":1045,\"height\":576,\"caption\":\"Season Fashion\"},\"image\":{\"@id\":\"https:\/\/seasonfashion.site\/#\/schema\/logo\/image\/\"}}]}<\/script>\n<!-- \/ Yoast SEO plugin. -->","yoast_head_json":{"title":"\u00c1o hoodie m\u00f9a \u0111\u00f4ng Winter Wonderland - Season Fashion","robots":{"index":"index","follow":"follow","max-snippet":"max-snippet:-1","max-image-preview":"max-image-preview:large","max-video-preview":"max-video-preview:-1"},"canonical":"https:\/\/seasonfashion.site\/index.php\/san-pham\/ao-hoodie-mua-dong-winter-wonderland\/","og_locale":"vi_VN","og_type":"article","og_title":"\u00c1o hoodie m\u00f9a \u0111\u00f4ng Winter Wonderland - Season Fashion","og_description":"Chi\u1ebfc \u00e1o hoodie mang t\u00f4ng xanh navy tr\u1ea7m, t\u1ea1o c\u1ea3m gi\u00e1c \u1ea5m \u00e1p v\u00e0 d\u1ec5 ph\u1ed1i \u0111\u1ed3 trong m\u00f9a l\u1ea1nh. \u1ede trung t\u00e2m l\u00e0 h\u00ecnh minh h\u1ecda khung c\u1ea3nh m\u00f9a \u0111\u00f4ng: m\u1ed9t c\u0103n cabin g\u1ed7 gi\u1eefa r\u1eebng th\u00f4ng ph\u1ee7 tuy\u1ebft, ph\u00eda xa l\u00e0 n\u00fai tuy\u1ebft h\u00f9ng v\u0129, b\u1ea7u tr\u1eddi \u0111\u00eam r\u1ef1c s\u00e1ng c\u1ef1c quang c\u00f9ng &hellip; \u0110\u1ecdc ti\u1ebfp \"\u00c1o hoodie m\u00f9a \u0111\u00f4ng Winter Wonderland\"","og_url":"https:\/\/seasonfashion.site\/index.php\/san-pham\/ao-hoodie-mua-dong-winter-wonderland\/","og_site_name":"Season Fashion","article_modified_time":"2026-02-27T05:52:06+00:00","og_image":[{"width":1024,"height":1536,"url":"https:\/\/seasonfashion.site\/wp-content\/uploads\/2026\/01\/b5ea8cfc-46b0-42aa-87b9-cfde85024fac.png","type":"image\/png"}],"twitter_card":"summary_large_image","twitter_misc":{"\u01af\u1edbc t\u00ednh th\u1eddi gian \u0111\u1ecdc":"1 ph\u00fat"},"schema":{"@context":"https:\/\/schema.org","@graph":[{"@type":"WebPage","@id":"https:\/\/seasonfashion.site\/index.php\/san-pham\/ao-hoodie-mua-dong-winter-wonderland\/","url":"https:\/\/seasonfashion.site\/index.php\/san-pham\/ao-hoodie-mua-dong-winter-wonderland\/","name":"\u00c1o hoodie m\u00f9a \u0111\u00f4ng Winter Wonderland - Season Fashion","isPartOf":{"@id":"https:\/\/seasonfashion.site\/#website"},"primaryImageOfPage":{"@id":"https:\/\/seasonfashion.site\/index.php\/san-pham\/ao-hoodie-mua-dong-winter-wonderland\/#primaryimage"},"image":{"@id":"https:\/\/seasonfashion.site\/index.php\/san-pham\/ao-hoodie-mua-dong-winter-wonderland\/#primaryimage"},"thumbnailUrl":"https:\/\/seasonfashion.site\/wp-content\/uploads\/2026\/01\/b5ea8cfc-46b0-42aa-87b9-cfde85024fac.png","datePublished":"2026-01-05T07:12:46+00:00","dateModified":"2026-02-27T05:52:06+00:00","breadcrumb":{"@id":"https:\/\/seasonfashion.site\/index.php\/san-pham\/ao-hoodie-mua-dong-winter-wonderland\/#breadcrumb"},"inLanguage":"vi","potentialAction":[{"@type":"ReadAction","target":["https:\/\/seasonfashion.site\/index.php\/san-pham\/ao-hoodie-mua-dong-winter-wonderland\/"]}]},{"@type":"ImageObject","inLanguage":"vi","@id":"https:\/\/seasonfashion.site\/index.php\/san-pham\/ao-hoodie-mua-dong-winter-wonderland\/#primaryimage","url":"https:\/\/seasonfashion.site\/wp-content\/uploads\/2026\/01\/b5ea8cfc-46b0-42aa-87b9-cfde85024fac.png","contentUrl":"https:\/\/seasonfashion.site\/wp-content\/uploads\/2026\/01\/b5ea8cfc-46b0-42aa-87b9-cfde85024fac.png","width":1024,"height":1536},{"@type":"BreadcrumbList","@id":"https:\/\/seasonfashion.site\/index.php\/san-pham\/ao-hoodie-mua-dong-winter-wonderland\/#breadcrumb","itemListElement":[{"@type":"ListItem","position":1,"name":"Trang ch\u1ee7","item":"https:\/\/seasonfashion.site\/"},{"@type":"ListItem","position":2,"name":"C\u1eeda h\u00e0ng","item":"https:\/\/seasonfashion.site\/"},{"@type":"ListItem","position":3,"name":"\u00c1o hoodie m\u00f9a \u0111\u00f4ng Winter Wonderland"}]},{"@type":"WebSite","@id":"https:\/\/seasonfashion.site\/#website","url":"https:\/\/seasonfashion.site\/","name":"Season Fashion","description":"","publisher":{"@id":"https:\/\/seasonfashion.site\/#organization"},"potentialAction":[{"@type":"SearchAction","target":{"@type":"EntryPoint","urlTemplate":"https:\/\/seasonfashion.site\/?s={search_term_string}"},"query-input":{"@type":"PropertyValueSpecification","valueRequired":true,"valueName":"search_term_string"}}],"inLanguage":"vi"},{"@type":"Organization","@id":"https:\/\/seasonfashion.site\/#organization","name":"Season Fashion","url":"https:\/\/seasonfashion.site\/","logo":{"@type":"ImageObject","inLanguage":"vi","@id":"https:\/\/seasonfashion.site\/#\/schema\/logo\/image\/","url":"https:\/\/seasonfashion.site\/wp-content\/uploads\/2026\/01\/cropped-z7377435132739_591c3c6651a3cd29d71580a6881228e2-1.jpg","contentUrl":"https:\/\/seasonfashion.site\/wp-content\/uploads\/2026\/01\/cropped-z7377435132739_591c3c6651a3cd29d71580a6881228e2-1.jpg","width":1045,"height":576,"caption":"Season Fashion"},"image":{"@id":"https:\/\/seasonfashion.site\/#\/schema\/logo\/image\/"}}]}},"jetpack_sharing_enabled":true,"_links":{"self":[{"href":"https:\/\/seasonfashion.site\/index.php\/wp-json\/wp\/v2\/product\/77","targetHints":{"allow":["GET"]}}],"collection":[{"href":"https:\/\/seasonfashion.site\/index.php\/wp-json\/wp\/v2\/product"}],"about":[{"href":"https:\/\/seasonfashion.site\/index.php\/wp-json\/wp\/v2\/types\/product"}],"replies":[{"embeddable":true,"href":"https:\/\/seasonfashion.site\/index.php\/wp-json\/wp\/v2\/comments?post=77"}],"wp:featuredmedia":[{"embeddable":true,"href":"https:\/\/seasonfashion.site\/index.php\/wp-json\/wp\/v2\/media\/80"}],"wp:attachment":[{"href":"https:\/\/seasonfashion.site\/index.php\/wp-json\/wp\/v2\/media?parent=77"}],"wp:term":[{"taxonomy":"product_brand","embeddable":true,"href":"https:\/\/seasonfashion.site\/index.php\/wp-json\/wp\/v2\/product_brand?post=77"},{"taxonomy":"product_cat","embeddable":true,"href":"https:\/\/seasonfashion.site\/index.php\/wp-json\/wp\/v2\/product_cat?post=77"},{"taxonomy":"product_tag","embeddable":true,"href":"https:\/\/seasonfashion.site\/index.php\/wp-json\/wp\/v2\/product_tag?post=77"}],"curies":[{"name":"wp","href":"https:\/\/api.w.org\/{rel}","templated":true}]}}