{"id":74,"date":"2026-01-05T08:28:33","date_gmt":"2026-01-05T08:28:33","guid":{"rendered":"https:\/\/seasonfashion.site\/?post_type=product&#038;p=74"},"modified":"2026-02-02T10:02:13","modified_gmt":"2026-02-02T10:02:13","slug":"set-do-di-bien-oceanlover","status":"publish","type":"product","link":"https:\/\/seasonfashion.site\/index.php\/san-pham\/set-do-di-bien-oceanlover\/","title":{"rendered":"Set \u0111\u1ed3 \u0111i bi\u1ec3n OCEANLOVER"},"content":{"rendered":"<h3 data-path-to-node=\"2\">1. \u00c1o thun (T-shirt)<\/h3>\n<ul data-path-to-node=\"3\">\n<li>\n<p data-path-to-node=\"3,0,0\"><b data-path-to-node=\"3,0,0\" data-index-in-node=\"0\">M\u00e0u s\u1eafc:<\/b> Tr\u1eafng tinh kh\u00f4i ho\u1eb7c tr\u1eafng kem (Off-white) \u0111\u1ec3 b\u1eaft s\u00e1ng t\u1ed1t v\u00e0 tr\u00f4ng s\u1ea1ch s\u1ebd, m\u00e1t m\u1ebb d\u01b0\u1edbi n\u1eafng bi\u1ec3n.<\/p>\n<\/li>\n<li>\n<p data-path-to-node=\"3,1,0\"><b data-path-to-node=\"3,1,0\" data-index-in-node=\"0\">Ch\u1ea5t li\u1ec7u:<\/b> Th\u01b0\u1eddng l\u00e0 <b data-path-to-node=\"3,1,0\" data-index-in-node=\"21\">100% Cotton<\/b> ho\u1eb7c <b data-path-to-node=\"3,1,0\" data-index-in-node=\"38\">v\u1ea3i thun l\u1ea1nh<\/b> (Rayon\/Spandex mix). \u0110\u1eb7c \u0111i\u1ec3m l\u00e0 th\u1ea5m h\u00fat m\u1ed3 h\u00f4i c\u1ef1c t\u1ed1t, co gi\u00e3n tho\u1ea3i m\u00e1i v\u00e0 kh\u00f4ng g\u00e2y b\u00ed b\u00e1ch.<\/p>\n<\/li>\n<li>\n<p data-path-to-node=\"3,2,0\"><b data-path-to-node=\"3,2,0\" data-index-in-node=\"0\">Ki\u1ec3u d\u00e1ng:<\/b> * <b data-path-to-node=\"3,2,0\" data-index-in-node=\"13\">Oversize:<\/b> Ph\u00f9 h\u1ee3p cho c\u1ea3 nam v\u00e0 n\u1eef, t\u1ea1o c\u1ea3m gi\u00e1c ph\u00f3ng kho\u00e1ng, che khuy\u1ebft \u0111i\u1ec3m t\u1ed1t.<\/p>\n<ul data-path-to-node=\"3,2,1\">\n<li>\n<p data-path-to-node=\"3,2,1,0,0\"><b data-path-to-node=\"3,2,1,0,0\" data-index-in-node=\"0\">Regular fit:<\/b> V\u1eeba v\u1eb7n v\u1edbi c\u01a1 th\u1ec3, g\u1ecdn g\u00e0ng.<\/p>\n<\/li>\n<\/ul>\n<\/li>\n<li>\n<p data-path-to-node=\"3,3,0\"><b data-path-to-node=\"3,3,0\" data-index-in-node=\"0\">H\u1ecda ti\u1ebft:<\/b> C\u00f3 th\u1ec3 l\u00e0 \u00e1o tr\u01a1n ho\u1eb7c in c\u00e1c h\u00ecnh nh\u1ecf li\u00ean quan \u0111\u1ebfn bi\u1ec3n nh\u01b0: c\u00e2y d\u1eeba, s\u00f3ng bi\u1ec3n, v\u1ecf s\u00f2, ho\u1eb7c c\u00e1c d\u00f2ng ch\u1eef slogan m\u00f9a h\u00e8.<\/p>\n<\/li>\n<\/ul>\n<h3 data-path-to-node=\"4\">2. Qu\u1ea7n Short<\/h3>\n<ul data-path-to-node=\"5\">\n<li>\n<p data-path-to-node=\"5,0,0\"><b data-path-to-node=\"5,0,0\" data-index-in-node=\"0\">Ch\u1ea5t li\u1ec7u:<\/b> * <b data-path-to-node=\"5,0,0\" data-index-in-node=\"13\">V\u1ea3i d\u00f9 (Polyester):<\/b> Nhanh kh\u00f4, c\u1ef1c k\u1ef3 ph\u00f9 h\u1ee3p n\u1ebfu b\u1ea1n c\u00f3 \u00fd \u0111\u1ecbnh xu\u1ed1ng n\u01b0\u1edbc ho\u1eb7c ch\u01a1i c\u00e1c tr\u00f2 ch\u01a1i b\u00e3i bi\u1ec3n.<\/p>\n<ul data-path-to-node=\"5,0,1\">\n<li>\n<p data-path-to-node=\"5,0,1,0,0\"><b data-path-to-node=\"5,0,1,0,0\" data-index-in-node=\"0\">V\u1ea3i Linen (\u0110\u0169i):<\/b> Tr\u00f4ng r\u1ea5t sang tr\u1ecdng, nh\u1eb9 nh\u00e0ng v\u00e0 \u0111\u00fang ch\u1ea5t &#8220;ngh\u1ec9 d\u01b0\u1ee1ng&#8221;.<\/p>\n<\/li>\n<\/ul>\n<\/li>\n<li>\n<p data-path-to-node=\"5,1,0\"><b data-path-to-node=\"5,1,0\" data-index-in-node=\"0\">Thi\u1ebft k\u1ebf:<\/b> C\u1ea1p chun (l\u01b0ng thun) c\u00f3 d\u00e2y r\u00fat \u0111\u1ec3 d\u1ec5 d\u00e0ng \u0111i\u1ec1u ch\u1ec9nh k\u00edch c\u1ee1 v\u00f2ng eo.<\/p>\n<\/li>\n<li>\n<p data-path-to-node=\"5,2,0\"><b data-path-to-node=\"5,2,0\" data-index-in-node=\"0\">H\u1ecda ti\u1ebft:<\/b> * <b data-path-to-node=\"5,2,0\" data-index-in-node=\"12\">H\u1ecda ti\u1ebft Tropical:<\/b> Hoa l\u00e1, c\u00e2y c\u1ed1i r\u1ef1c r\u1ee1 (nh\u01b0 trong \u1ea3nh).<\/p>\n<ul data-path-to-node=\"5,2,1\">\n<li>\n<p data-path-to-node=\"5,2,1,0,0\"><b data-path-to-node=\"5,2,1,0,0\" data-index-in-node=\"0\">H\u1ecda ti\u1ebft Graphic:<\/b> C\u00e1c m\u1ea3ng m\u00e0u \u0111\u1ed1i l\u1eadp ho\u1eb7c h\u00ecnh v\u1ebd tr\u1eebu t\u01b0\u1ee3ng.<\/p>\n<\/li>\n<\/ul>\n<\/li>\n<\/ul>\n<h3 data-path-to-node=\"6\">3. \u01afu \u0111i\u1ec3m c\u1ee7a Set \u0111\u1ed3 n\u00e0y<\/h3>\n<ul data-path-to-node=\"7\">\n<li>\n<p data-path-to-node=\"7,0,0\"><b data-path-to-node=\"7,0,0\" data-index-in-node=\"0\">Ti\u1ec7n l\u1ee3i:<\/b> B\u1ea1n c\u00f3 th\u1ec3 m\u1eb7c \u0111i d\u1ea1o ph\u1ed1 bi\u1ec3n, \u0111i \u0103n h\u1ea3i s\u1ea3n ho\u1eb7c kho\u00e1c ngo\u00e0i b\u1ed9 \u0111\u1ed3 b\u01a1i \u0111\u1ec1u r\u1ea5t h\u1ee3p.<\/p>\n<\/li>\n<li>\n<p data-path-to-node=\"7,1,0\"><b data-path-to-node=\"7,1,0\" data-index-in-node=\"0\">D\u1ec5 ph\u1ed1i \u0111\u1ed3:<\/b> \u00c1o thun tr\u1eafng c\u00f3 th\u1ec3 k\u1ebft h\u1ee3p v\u1edbi b\u1ea5t k\u1ef3 chi\u1ebfc qu\u1ea7n short m\u00e0u s\u1eafc n\u00e0o.<\/p>\n<\/li>\n<li>\n<p data-path-to-node=\"7,2,0\"><b data-path-to-node=\"7,2,0\" data-index-in-node=\"0\">L\u00ean h\u00ecnh \u0111\u1eb9p:<\/b> M\u00e0u tr\u1eafng gi\u00fap g\u01b0\u01a1ng m\u1eb7t s\u00e1ng h\u01a1n khi ch\u1ee5p \u1ea3nh d\u01b0\u1edbi \u00e1nh n\u1eafng t\u1ef1 nhi\u00ean.<\/p>\n<\/li>\n<\/ul>\n","protected":false},"excerpt":{"rendered":"<p>1. \u00c1o thun (T-shirt) M\u00e0u s\u1eafc: Tr\u1eafng tinh kh\u00f4i ho\u1eb7c tr\u1eafng kem (Off-white) \u0111\u1ec3 b\u1eaft s\u00e1ng t\u1ed1t v\u00e0 tr\u00f4ng s\u1ea1ch s\u1ebd, m\u00e1t m\u1ebb d\u01b0\u1edbi n\u1eafng bi\u1ec3n. Ch\u1ea5t li\u1ec7u: Th\u01b0\u1eddng l\u00e0 100% Cotton ho\u1eb7c v\u1ea3i thun l\u1ea1nh (Rayon\/Spandex mix). \u0110\u1eb7c \u0111i\u1ec3m l\u00e0 th\u1ea5m h\u00fat m\u1ed3 h\u00f4i c\u1ef1c t\u1ed1t, co gi\u00e3n tho\u1ea3i m\u00e1i v\u00e0 kh\u00f4ng g\u00e2y b\u00ed &hellip; <\/p>\n<p class=\"link-more\"><a href=\"https:\/\/seasonfashion.site\/index.php\/san-pham\/set-do-di-bien-oceanlover\/\" class=\"more-link\">\u0110\u1ecdc ti\u1ebfp<span class=\"screen-reader-text\"> &#8220;Set \u0111\u1ed3 \u0111i bi\u1ec3n OCEANLOVER&#8221;<\/span><\/a><\/p>\n","protected":false},"featured_media":167,"comment_status":"open","ping_status":"closed","template":"","meta":[],"product_brand":[],"product_cat":[30],"product_tag":[],"class_list":{"0":"post-74","1":"product","2":"type-product","3":"status-publish","4":"has-post-thumbnail","6":"product_cat-do-bo-di-bien","7":"entry","9":"first","10":"instock","11":"sale","12":"shipping-taxable","13":"purchasable","14":"product-type-simple"},"yoast_head":"<!-- This site is optimized with the Yoast SEO plugin v26.8 - https:\/\/yoast.com\/product\/yoast-seo-wordpress\/ -->\n<title>Set \u0111\u1ed3 \u0111i bi\u1ec3n OCEANLOVER - Season Fashion<\/title>\n<meta name=\"robots\" content=\"index, follow, max-snippet:-1, max-image-preview:large, max-video-preview:-1\" \/>\n<link rel=\"canonical\" href=\"https:\/\/seasonfashion.site\/index.php\/san-pham\/set-do-di-bien-oceanlover\/\" \/>\n<meta property=\"og:locale\" content=\"vi_VN\" \/>\n<meta property=\"og:type\" content=\"article\" \/>\n<meta property=\"og:title\" content=\"Set \u0111\u1ed3 \u0111i bi\u1ec3n OCEANLOVER - Season Fashion\" \/>\n<meta property=\"og:description\" content=\"1. \u00c1o thun (T-shirt) M\u00e0u s\u1eafc: Tr\u1eafng tinh kh\u00f4i ho\u1eb7c tr\u1eafng kem (Off-white) \u0111\u1ec3 b\u1eaft s\u00e1ng t\u1ed1t v\u00e0 tr\u00f4ng s\u1ea1ch s\u1ebd, m\u00e1t m\u1ebb d\u01b0\u1edbi n\u1eafng bi\u1ec3n. Ch\u1ea5t li\u1ec7u: Th\u01b0\u1eddng l\u00e0 100% Cotton ho\u1eb7c v\u1ea3i thun l\u1ea1nh (Rayon\/Spandex mix). \u0110\u1eb7c \u0111i\u1ec3m l\u00e0 th\u1ea5m h\u00fat m\u1ed3 h\u00f4i c\u1ef1c t\u1ed1t, co gi\u00e3n tho\u1ea3i m\u00e1i v\u00e0 kh\u00f4ng g\u00e2y b\u00ed &hellip; \u0110\u1ecdc ti\u1ebfp &quot;Set \u0111\u1ed3 \u0111i bi\u1ec3n OCEANLOVER&quot;\" \/>\n<meta property=\"og:url\" content=\"https:\/\/seasonfashion.site\/index.php\/san-pham\/set-do-di-bien-oceanlover\/\" \/>\n<meta property=\"og:site_name\" content=\"Season Fashion\" \/>\n<meta property=\"article:modified_time\" content=\"2026-02-02T10:02:13+00:00\" \/>\n<meta property=\"og:image\" content=\"https:\/\/seasonfashion.site\/wp-content\/uploads\/2026\/01\/f1fd29c4-197d-4028-b7e0-e359b59f5fc8.jpg\" \/>\n\t<meta property=\"og:image:width\" content=\"272\" \/>\n\t<meta property=\"og:image:height\" content=\"516\" \/>\n\t<meta property=\"og:image:type\" content=\"image\/jpeg\" \/>\n<meta name=\"twitter:card\" content=\"summary_large_image\" \/>\n<meta name=\"twitter:label1\" content=\"\u01af\u1edbc t\u00ednh th\u1eddi gian \u0111\u1ecdc\" \/>\n\t<meta name=\"twitter:data1\" content=\"2 ph\u00fat\" \/>\n<script type=\"application\/ld+json\" class=\"yoast-schema-graph\">{\"@context\":\"https:\/\/schema.org\",\"@graph\":[{\"@type\":\"WebPage\",\"@id\":\"https:\/\/seasonfashion.site\/index.php\/san-pham\/set-do-di-bien-oceanlover\/\",\"url\":\"https:\/\/seasonfashion.site\/index.php\/san-pham\/set-do-di-bien-oceanlover\/\",\"name\":\"Set \u0111\u1ed3 \u0111i bi\u1ec3n OCEANLOVER - Season Fashion\",\"isPartOf\":{\"@id\":\"https:\/\/seasonfashion.site\/#website\"},\"primaryImageOfPage\":{\"@id\":\"https:\/\/seasonfashion.site\/index.php\/san-pham\/set-do-di-bien-oceanlover\/#primaryimage\"},\"image\":{\"@id\":\"https:\/\/seasonfashion.site\/index.php\/san-pham\/set-do-di-bien-oceanlover\/#primaryimage\"},\"thumbnailUrl\":\"https:\/\/seasonfashion.site\/wp-content\/uploads\/2026\/01\/f1fd29c4-197d-4028-b7e0-e359b59f5fc8.jpg\",\"datePublished\":\"2026-01-05T08:28:33+00:00\",\"dateModified\":\"2026-02-02T10:02:13+00:00\",\"breadcrumb\":{\"@id\":\"https:\/\/seasonfashion.site\/index.php\/san-pham\/set-do-di-bien-oceanlover\/#breadcrumb\"},\"inLanguage\":\"vi\",\"potentialAction\":[{\"@type\":\"ReadAction\",\"target\":[\"https:\/\/seasonfashion.site\/index.php\/san-pham\/set-do-di-bien-oceanlover\/\"]}]},{\"@type\":\"ImageObject\",\"inLanguage\":\"vi\",\"@id\":\"https:\/\/seasonfashion.site\/index.php\/san-pham\/set-do-di-bien-oceanlover\/#primaryimage\",\"url\":\"https:\/\/seasonfashion.site\/wp-content\/uploads\/2026\/01\/f1fd29c4-197d-4028-b7e0-e359b59f5fc8.jpg\",\"contentUrl\":\"https:\/\/seasonfashion.site\/wp-content\/uploads\/2026\/01\/f1fd29c4-197d-4028-b7e0-e359b59f5fc8.jpg\",\"width\":272,\"height\":516},{\"@type\":\"BreadcrumbList\",\"@id\":\"https:\/\/seasonfashion.site\/index.php\/san-pham\/set-do-di-bien-oceanlover\/#breadcrumb\",\"itemListElement\":[{\"@type\":\"ListItem\",\"position\":1,\"name\":\"Trang ch\u1ee7\",\"item\":\"https:\/\/seasonfashion.site\/\"},{\"@type\":\"ListItem\",\"position\":2,\"name\":\"C\u1eeda h\u00e0ng\",\"item\":\"https:\/\/seasonfashion.site\/\"},{\"@type\":\"ListItem\",\"position\":3,\"name\":\"Set \u0111\u1ed3 \u0111i bi\u1ec3n OCEANLOVER\"}]},{\"@type\":\"WebSite\",\"@id\":\"https:\/\/seasonfashion.site\/#website\",\"url\":\"https:\/\/seasonfashion.site\/\",\"name\":\"Season Fashion\",\"description\":\"\",\"publisher\":{\"@id\":\"https:\/\/seasonfashion.site\/#organization\"},\"potentialAction\":[{\"@type\":\"SearchAction\",\"target\":{\"@type\":\"EntryPoint\",\"urlTemplate\":\"https:\/\/seasonfashion.site\/?s={search_term_string}\"},\"query-input\":{\"@type\":\"PropertyValueSpecification\",\"valueRequired\":true,\"valueName\":\"search_term_string\"}}],\"inLanguage\":\"vi\"},{\"@type\":\"Organization\",\"@id\":\"https:\/\/seasonfashion.site\/#organization\",\"name\":\"Season Fashion\",\"url\":\"https:\/\/seasonfashion.site\/\",\"logo\":{\"@type\":\"ImageObject\",\"inLanguage\":\"vi\",\"@id\":\"https:\/\/seasonfashion.site\/#\/schema\/logo\/image\/\",\"url\":\"https:\/\/seasonfashion.site\/wp-content\/uploads\/2026\/01\/cropped-z7377435132739_591c3c6651a3cd29d71580a6881228e2-1.jpg\",\"contentUrl\":\"https:\/\/seasonfashion.site\/wp-content\/uploads\/2026\/01\/cropped-z7377435132739_591c3c6651a3cd29d71580a6881228e2-1.jpg\",\"width\":1045,\"height\":576,\"caption\":\"Season Fashion\"},\"image\":{\"@id\":\"https:\/\/seasonfashion.site\/#\/schema\/logo\/image\/\"}}]}<\/script>\n<!-- \/ Yoast SEO plugin. -->","yoast_head_json":{"title":"Set \u0111\u1ed3 \u0111i bi\u1ec3n OCEANLOVER - Season Fashion","robots":{"index":"index","follow":"follow","max-snippet":"max-snippet:-1","max-image-preview":"max-image-preview:large","max-video-preview":"max-video-preview:-1"},"canonical":"https:\/\/seasonfashion.site\/index.php\/san-pham\/set-do-di-bien-oceanlover\/","og_locale":"vi_VN","og_type":"article","og_title":"Set \u0111\u1ed3 \u0111i bi\u1ec3n OCEANLOVER - Season Fashion","og_description":"1. \u00c1o thun (T-shirt) M\u00e0u s\u1eafc: Tr\u1eafng tinh kh\u00f4i ho\u1eb7c tr\u1eafng kem (Off-white) \u0111\u1ec3 b\u1eaft s\u00e1ng t\u1ed1t v\u00e0 tr\u00f4ng s\u1ea1ch s\u1ebd, m\u00e1t m\u1ebb d\u01b0\u1edbi n\u1eafng bi\u1ec3n. Ch\u1ea5t li\u1ec7u: Th\u01b0\u1eddng l\u00e0 100% Cotton ho\u1eb7c v\u1ea3i thun l\u1ea1nh (Rayon\/Spandex mix). \u0110\u1eb7c \u0111i\u1ec3m l\u00e0 th\u1ea5m h\u00fat m\u1ed3 h\u00f4i c\u1ef1c t\u1ed1t, co gi\u00e3n tho\u1ea3i m\u00e1i v\u00e0 kh\u00f4ng g\u00e2y b\u00ed &hellip; \u0110\u1ecdc ti\u1ebfp \"Set \u0111\u1ed3 \u0111i bi\u1ec3n OCEANLOVER\"","og_url":"https:\/\/seasonfashion.site\/index.php\/san-pham\/set-do-di-bien-oceanlover\/","og_site_name":"Season Fashion","article_modified_time":"2026-02-02T10:02:13+00:00","og_image":[{"width":272,"height":516,"url":"https:\/\/seasonfashion.site\/wp-content\/uploads\/2026\/01\/f1fd29c4-197d-4028-b7e0-e359b59f5fc8.jpg","type":"image\/jpeg"}],"twitter_card":"summary_large_image","twitter_misc":{"\u01af\u1edbc t\u00ednh th\u1eddi gian \u0111\u1ecdc":"2 ph\u00fat"},"schema":{"@context":"https:\/\/schema.org","@graph":[{"@type":"WebPage","@id":"https:\/\/seasonfashion.site\/index.php\/san-pham\/set-do-di-bien-oceanlover\/","url":"https:\/\/seasonfashion.site\/index.php\/san-pham\/set-do-di-bien-oceanlover\/","name":"Set \u0111\u1ed3 \u0111i bi\u1ec3n OCEANLOVER - Season Fashion","isPartOf":{"@id":"https:\/\/seasonfashion.site\/#website"},"primaryImageOfPage":{"@id":"https:\/\/seasonfashion.site\/index.php\/san-pham\/set-do-di-bien-oceanlover\/#primaryimage"},"image":{"@id":"https:\/\/seasonfashion.site\/index.php\/san-pham\/set-do-di-bien-oceanlover\/#primaryimage"},"thumbnailUrl":"https:\/\/seasonfashion.site\/wp-content\/uploads\/2026\/01\/f1fd29c4-197d-4028-b7e0-e359b59f5fc8.jpg","datePublished":"2026-01-05T08:28:33+00:00","dateModified":"2026-02-02T10:02:13+00:00","breadcrumb":{"@id":"https:\/\/seasonfashion.site\/index.php\/san-pham\/set-do-di-bien-oceanlover\/#breadcrumb"},"inLanguage":"vi","potentialAction":[{"@type":"ReadAction","target":["https:\/\/seasonfashion.site\/index.php\/san-pham\/set-do-di-bien-oceanlover\/"]}]},{"@type":"ImageObject","inLanguage":"vi","@id":"https:\/\/seasonfashion.site\/index.php\/san-pham\/set-do-di-bien-oceanlover\/#primaryimage","url":"https:\/\/seasonfashion.site\/wp-content\/uploads\/2026\/01\/f1fd29c4-197d-4028-b7e0-e359b59f5fc8.jpg","contentUrl":"https:\/\/seasonfashion.site\/wp-content\/uploads\/2026\/01\/f1fd29c4-197d-4028-b7e0-e359b59f5fc8.jpg","width":272,"height":516},{"@type":"BreadcrumbList","@id":"https:\/\/seasonfashion.site\/index.php\/san-pham\/set-do-di-bien-oceanlover\/#breadcrumb","itemListElement":[{"@type":"ListItem","position":1,"name":"Trang ch\u1ee7","item":"https:\/\/seasonfashion.site\/"},{"@type":"ListItem","position":2,"name":"C\u1eeda h\u00e0ng","item":"https:\/\/seasonfashion.site\/"},{"@type":"ListItem","position":3,"name":"Set \u0111\u1ed3 \u0111i bi\u1ec3n OCEANLOVER"}]},{"@type":"WebSite","@id":"https:\/\/seasonfashion.site\/#website","url":"https:\/\/seasonfashion.site\/","name":"Season Fashion","description":"","publisher":{"@id":"https:\/\/seasonfashion.site\/#organization"},"potentialAction":[{"@type":"SearchAction","target":{"@type":"EntryPoint","urlTemplate":"https:\/\/seasonfashion.site\/?s={search_term_string}"},"query-input":{"@type":"PropertyValueSpecification","valueRequired":true,"valueName":"search_term_string"}}],"inLanguage":"vi"},{"@type":"Organization","@id":"https:\/\/seasonfashion.site\/#organization","name":"Season Fashion","url":"https:\/\/seasonfashion.site\/","logo":{"@type":"ImageObject","inLanguage":"vi","@id":"https:\/\/seasonfashion.site\/#\/schema\/logo\/image\/","url":"https:\/\/seasonfashion.site\/wp-content\/uploads\/2026\/01\/cropped-z7377435132739_591c3c6651a3cd29d71580a6881228e2-1.jpg","contentUrl":"https:\/\/seasonfashion.site\/wp-content\/uploads\/2026\/01\/cropped-z7377435132739_591c3c6651a3cd29d71580a6881228e2-1.jpg","width":1045,"height":576,"caption":"Season Fashion"},"image":{"@id":"https:\/\/seasonfashion.site\/#\/schema\/logo\/image\/"}}]}},"jetpack_sharing_enabled":true,"_links":{"self":[{"href":"https:\/\/seasonfashion.site\/index.php\/wp-json\/wp\/v2\/product\/74","targetHints":{"allow":["GET"]}}],"collection":[{"href":"https:\/\/seasonfashion.site\/index.php\/wp-json\/wp\/v2\/product"}],"about":[{"href":"https:\/\/seasonfashion.site\/index.php\/wp-json\/wp\/v2\/types\/product"}],"replies":[{"embeddable":true,"href":"https:\/\/seasonfashion.site\/index.php\/wp-json\/wp\/v2\/comments?post=74"}],"wp:featuredmedia":[{"embeddable":true,"href":"https:\/\/seasonfashion.site\/index.php\/wp-json\/wp\/v2\/media\/167"}],"wp:attachment":[{"href":"https:\/\/seasonfashion.site\/index.php\/wp-json\/wp\/v2\/media?parent=74"}],"wp:term":[{"taxonomy":"product_brand","embeddable":true,"href":"https:\/\/seasonfashion.site\/index.php\/wp-json\/wp\/v2\/product_brand?post=74"},{"taxonomy":"product_cat","embeddable":true,"href":"https:\/\/seasonfashion.site\/index.php\/wp-json\/wp\/v2\/product_cat?post=74"},{"taxonomy":"product_tag","embeddable":true,"href":"https:\/\/seasonfashion.site\/index.php\/wp-json\/wp\/v2\/product_tag?post=74"}],"curies":[{"name":"wp","href":"https:\/\/api.w.org\/{rel}","templated":true}]}}