{"id":604,"date":"2026-02-27T09:00:08","date_gmt":"2026-02-27T09:00:08","guid":{"rendered":"https:\/\/seasonfashion.site\/?post_type=product&#038;p=604"},"modified":"2026-02-27T09:00:58","modified_gmt":"2026-02-27T09:00:58","slug":"ao-mua-he","status":"publish","type":"product","link":"https:\/\/seasonfashion.site\/index.php\/san-pham\/ao-mua-he\/","title":{"rendered":"\u00c1O M\u00d9A H\u00c8"},"content":{"rendered":"<h3 data-start=\"0\" data-end=\"43\">\ud83c\udf3f M\u00d4 T\u1ea2 S\u1ea2N PH\u1ea8M: \u00c1O M\u00d9A H\u00c8 THO\u00c1NG M\u00c1T<\/h3>\n<p data-start=\"45\" data-end=\"349\"><strong data-start=\"45\" data-end=\"62\">T\u00ean s\u1ea3n ph\u1ea9m:<\/strong> \u00c1o thun m\u00f9a h\u00e8 cao c\u1ea5p<br data-start=\"85\" data-end=\"88\" \/><strong data-start=\"88\" data-end=\"102\">Ch\u1ea5t li\u1ec7u:<\/strong> Cotton 100% m\u1ec1m m\u1ecbn, th\u1ea5m h\u00fat m\u1ed3 h\u00f4i t\u1ed1t<br data-start=\"143\" data-end=\"146\" \/><strong data-start=\"146\" data-end=\"160\">Ki\u1ec3u d\u00e1ng:<\/strong> Form su\u00f4ng r\u1ed9ng, d\u1ec5 m\u1eb7c, ph\u00f9 h\u1ee3p nhi\u1ec1u d\u00e1ng ng\u01b0\u1eddi<br data-start=\"210\" data-end=\"213\" \/><strong data-start=\"213\" data-end=\"226\">Thi\u1ebft k\u1ebf:<\/strong> C\u1ed5 tr\u00f2n basic, tay ng\u1eafn n\u0103ng \u0111\u1ed9ng<br data-start=\"260\" data-end=\"263\" \/><strong data-start=\"263\" data-end=\"275\">M\u00e0u s\u1eafc:<\/strong> Tr\u1eafng, \u0111en, be, xanh pastel, h\u1ed3ng nh\u1ea1t<br data-start=\"314\" data-end=\"317\" \/><strong data-start=\"317\" data-end=\"332\" data-is-only-node=\"\">K\u00edch th\u01b0\u1edbc:<\/strong> S \u2013 M \u2013 L \u2013 XL<\/p>\n","protected":false},"excerpt":{"rendered":"<p>\ud83c\udf3f M\u00d4 T\u1ea2 S\u1ea2N PH\u1ea8M: \u00c1O M\u00d9A H\u00c8 THO\u00c1NG M\u00c1T T\u00ean s\u1ea3n ph\u1ea9m: \u00c1o thun m\u00f9a h\u00e8 cao c\u1ea5pCh\u1ea5t li\u1ec7u: Cotton 100% m\u1ec1m m\u1ecbn, th\u1ea5m h\u00fat m\u1ed3 h\u00f4i t\u1ed1tKi\u1ec3u d\u00e1ng: Form su\u00f4ng r\u1ed9ng, d\u1ec5 m\u1eb7c, ph\u00f9 h\u1ee3p nhi\u1ec1u d\u00e1ng ng\u01b0\u1eddiThi\u1ebft k\u1ebf: C\u1ed5 tr\u00f2n basic, tay ng\u1eafn n\u0103ng \u0111\u1ed9ngM\u00e0u s\u1eafc: Tr\u1eafng, \u0111en, be, xanh pastel, h\u1ed3ng &hellip; <\/p>\n<p class=\"link-more\"><a href=\"https:\/\/seasonfashion.site\/index.php\/san-pham\/ao-mua-he\/\" class=\"more-link\">\u0110\u1ecdc ti\u1ebfp<span class=\"screen-reader-text\"> &#8220;\u00c1O M\u00d9A H\u00c8&#8221;<\/span><\/a><\/p>\n","protected":false},"featured_media":453,"comment_status":"open","ping_status":"closed","template":"","meta":[],"product_brand":[],"product_cat":[16],"product_tag":[],"class_list":{"0":"post-604","1":"product","2":"type-product","3":"status-publish","4":"has-post-thumbnail","6":"product_cat-chua-phan-loai","7":"entry","9":"first","10":"instock","11":"sale","12":"shipping-taxable","13":"purchasable","14":"product-type-simple"},"yoast_head":"<!-- This site is optimized with the Yoast SEO plugin v26.8 - https:\/\/yoast.com\/product\/yoast-seo-wordpress\/ -->\n<title>\u00c1O M\u00d9A H\u00c8 - Season Fashion<\/title>\n<meta name=\"robots\" content=\"index, follow, max-snippet:-1, max-image-preview:large, max-video-preview:-1\" \/>\n<link rel=\"canonical\" href=\"https:\/\/seasonfashion.site\/index.php\/san-pham\/ao-mua-he\/\" \/>\n<meta property=\"og:locale\" content=\"vi_VN\" \/>\n<meta property=\"og:type\" content=\"article\" \/>\n<meta property=\"og:title\" content=\"\u00c1O M\u00d9A H\u00c8 - Season Fashion\" \/>\n<meta property=\"og:description\" content=\"\ud83c\udf3f M\u00d4 T\u1ea2 S\u1ea2N PH\u1ea8M: \u00c1O M\u00d9A H\u00c8 THO\u00c1NG M\u00c1T T\u00ean s\u1ea3n ph\u1ea9m: \u00c1o thun m\u00f9a h\u00e8 cao c\u1ea5pCh\u1ea5t li\u1ec7u: Cotton 100% m\u1ec1m m\u1ecbn, th\u1ea5m h\u00fat m\u1ed3 h\u00f4i t\u1ed1tKi\u1ec3u d\u00e1ng: Form su\u00f4ng r\u1ed9ng, d\u1ec5 m\u1eb7c, ph\u00f9 h\u1ee3p nhi\u1ec1u d\u00e1ng ng\u01b0\u1eddiThi\u1ebft k\u1ebf: C\u1ed5 tr\u00f2n basic, tay ng\u1eafn n\u0103ng \u0111\u1ed9ngM\u00e0u s\u1eafc: Tr\u1eafng, \u0111en, be, xanh pastel, h\u1ed3ng &hellip; \u0110\u1ecdc ti\u1ebfp &quot;\u00c1O M\u00d9A H\u00c8&quot;\" \/>\n<meta property=\"og:url\" content=\"https:\/\/seasonfashion.site\/index.php\/san-pham\/ao-mua-he\/\" \/>\n<meta property=\"og:site_name\" content=\"Season Fashion\" \/>\n<meta property=\"article:modified_time\" content=\"2026-02-27T09:00:58+00:00\" \/>\n<meta property=\"og:image\" content=\"https:\/\/seasonfashion.site\/wp-content\/uploads\/2026\/01\/image-33.png\" \/>\n\t<meta property=\"og:image:width\" content=\"1344\" \/>\n\t<meta property=\"og:image:height\" content=\"768\" \/>\n\t<meta property=\"og:image:type\" content=\"image\/png\" \/>\n<meta name=\"twitter:card\" content=\"summary_large_image\" \/>\n<meta name=\"twitter:label1\" content=\"\u01af\u1edbc t\u00ednh th\u1eddi gian \u0111\u1ecdc\" \/>\n\t<meta name=\"twitter:data1\" content=\"1 ph\u00fat\" \/>\n<script type=\"application\/ld+json\" class=\"yoast-schema-graph\">{\"@context\":\"https:\/\/schema.org\",\"@graph\":[{\"@type\":\"WebPage\",\"@id\":\"https:\/\/seasonfashion.site\/index.php\/san-pham\/ao-mua-he\/\",\"url\":\"https:\/\/seasonfashion.site\/index.php\/san-pham\/ao-mua-he\/\",\"name\":\"\u00c1O M\u00d9A H\u00c8 - Season Fashion\",\"isPartOf\":{\"@id\":\"https:\/\/seasonfashion.site\/#website\"},\"primaryImageOfPage\":{\"@id\":\"https:\/\/seasonfashion.site\/index.php\/san-pham\/ao-mua-he\/#primaryimage\"},\"image\":{\"@id\":\"https:\/\/seasonfashion.site\/index.php\/san-pham\/ao-mua-he\/#primaryimage\"},\"thumbnailUrl\":\"https:\/\/seasonfashion.site\/wp-content\/uploads\/2026\/01\/image-33.png\",\"datePublished\":\"2026-02-27T09:00:08+00:00\",\"dateModified\":\"2026-02-27T09:00:58+00:00\",\"breadcrumb\":{\"@id\":\"https:\/\/seasonfashion.site\/index.php\/san-pham\/ao-mua-he\/#breadcrumb\"},\"inLanguage\":\"vi\",\"potentialAction\":[{\"@type\":\"ReadAction\",\"target\":[\"https:\/\/seasonfashion.site\/index.php\/san-pham\/ao-mua-he\/\"]}]},{\"@type\":\"ImageObject\",\"inLanguage\":\"vi\",\"@id\":\"https:\/\/seasonfashion.site\/index.php\/san-pham\/ao-mua-he\/#primaryimage\",\"url\":\"https:\/\/seasonfashion.site\/wp-content\/uploads\/2026\/01\/image-33.png\",\"contentUrl\":\"https:\/\/seasonfashion.site\/wp-content\/uploads\/2026\/01\/image-33.png\",\"width\":1344,\"height\":768},{\"@type\":\"BreadcrumbList\",\"@id\":\"https:\/\/seasonfashion.site\/index.php\/san-pham\/ao-mua-he\/#breadcrumb\",\"itemListElement\":[{\"@type\":\"ListItem\",\"position\":1,\"name\":\"Trang ch\u1ee7\",\"item\":\"https:\/\/seasonfashion.site\/\"},{\"@type\":\"ListItem\",\"position\":2,\"name\":\"C\u1eeda h\u00e0ng\",\"item\":\"https:\/\/seasonfashion.site\/\"},{\"@type\":\"ListItem\",\"position\":3,\"name\":\"\u00c1O M\u00d9A H\u00c8\"}]},{\"@type\":\"WebSite\",\"@id\":\"https:\/\/seasonfashion.site\/#website\",\"url\":\"https:\/\/seasonfashion.site\/\",\"name\":\"Season Fashion\",\"description\":\"\",\"publisher\":{\"@id\":\"https:\/\/seasonfashion.site\/#organization\"},\"potentialAction\":[{\"@type\":\"SearchAction\",\"target\":{\"@type\":\"EntryPoint\",\"urlTemplate\":\"https:\/\/seasonfashion.site\/?s={search_term_string}\"},\"query-input\":{\"@type\":\"PropertyValueSpecification\",\"valueRequired\":true,\"valueName\":\"search_term_string\"}}],\"inLanguage\":\"vi\"},{\"@type\":\"Organization\",\"@id\":\"https:\/\/seasonfashion.site\/#organization\",\"name\":\"Season Fashion\",\"url\":\"https:\/\/seasonfashion.site\/\",\"logo\":{\"@type\":\"ImageObject\",\"inLanguage\":\"vi\",\"@id\":\"https:\/\/seasonfashion.site\/#\/schema\/logo\/image\/\",\"url\":\"https:\/\/seasonfashion.site\/wp-content\/uploads\/2026\/01\/cropped-z7377435132739_591c3c6651a3cd29d71580a6881228e2-1.jpg\",\"contentUrl\":\"https:\/\/seasonfashion.site\/wp-content\/uploads\/2026\/01\/cropped-z7377435132739_591c3c6651a3cd29d71580a6881228e2-1.jpg\",\"width\":1045,\"height\":576,\"caption\":\"Season Fashion\"},\"image\":{\"@id\":\"https:\/\/seasonfashion.site\/#\/schema\/logo\/image\/\"}}]}<\/script>\n<!-- \/ Yoast SEO plugin. -->","yoast_head_json":{"title":"\u00c1O M\u00d9A H\u00c8 - Season Fashion","robots":{"index":"index","follow":"follow","max-snippet":"max-snippet:-1","max-image-preview":"max-image-preview:large","max-video-preview":"max-video-preview:-1"},"canonical":"https:\/\/seasonfashion.site\/index.php\/san-pham\/ao-mua-he\/","og_locale":"vi_VN","og_type":"article","og_title":"\u00c1O M\u00d9A H\u00c8 - Season Fashion","og_description":"\ud83c\udf3f M\u00d4 T\u1ea2 S\u1ea2N PH\u1ea8M: \u00c1O M\u00d9A H\u00c8 THO\u00c1NG M\u00c1T T\u00ean s\u1ea3n ph\u1ea9m: \u00c1o thun m\u00f9a h\u00e8 cao c\u1ea5pCh\u1ea5t li\u1ec7u: Cotton 100% m\u1ec1m m\u1ecbn, th\u1ea5m h\u00fat m\u1ed3 h\u00f4i t\u1ed1tKi\u1ec3u d\u00e1ng: Form su\u00f4ng r\u1ed9ng, d\u1ec5 m\u1eb7c, ph\u00f9 h\u1ee3p nhi\u1ec1u d\u00e1ng ng\u01b0\u1eddiThi\u1ebft k\u1ebf: C\u1ed5 tr\u00f2n basic, tay ng\u1eafn n\u0103ng \u0111\u1ed9ngM\u00e0u s\u1eafc: Tr\u1eafng, \u0111en, be, xanh pastel, h\u1ed3ng &hellip; \u0110\u1ecdc ti\u1ebfp \"\u00c1O M\u00d9A H\u00c8\"","og_url":"https:\/\/seasonfashion.site\/index.php\/san-pham\/ao-mua-he\/","og_site_name":"Season Fashion","article_modified_time":"2026-02-27T09:00:58+00:00","og_image":[{"width":1344,"height":768,"url":"https:\/\/seasonfashion.site\/wp-content\/uploads\/2026\/01\/image-33.png","type":"image\/png"}],"twitter_card":"summary_large_image","twitter_misc":{"\u01af\u1edbc t\u00ednh th\u1eddi gian \u0111\u1ecdc":"1 ph\u00fat"},"schema":{"@context":"https:\/\/schema.org","@graph":[{"@type":"WebPage","@id":"https:\/\/seasonfashion.site\/index.php\/san-pham\/ao-mua-he\/","url":"https:\/\/seasonfashion.site\/index.php\/san-pham\/ao-mua-he\/","name":"\u00c1O M\u00d9A H\u00c8 - Season Fashion","isPartOf":{"@id":"https:\/\/seasonfashion.site\/#website"},"primaryImageOfPage":{"@id":"https:\/\/seasonfashion.site\/index.php\/san-pham\/ao-mua-he\/#primaryimage"},"image":{"@id":"https:\/\/seasonfashion.site\/index.php\/san-pham\/ao-mua-he\/#primaryimage"},"thumbnailUrl":"https:\/\/seasonfashion.site\/wp-content\/uploads\/2026\/01\/image-33.png","datePublished":"2026-02-27T09:00:08+00:00","dateModified":"2026-02-27T09:00:58+00:00","breadcrumb":{"@id":"https:\/\/seasonfashion.site\/index.php\/san-pham\/ao-mua-he\/#breadcrumb"},"inLanguage":"vi","potentialAction":[{"@type":"ReadAction","target":["https:\/\/seasonfashion.site\/index.php\/san-pham\/ao-mua-he\/"]}]},{"@type":"ImageObject","inLanguage":"vi","@id":"https:\/\/seasonfashion.site\/index.php\/san-pham\/ao-mua-he\/#primaryimage","url":"https:\/\/seasonfashion.site\/wp-content\/uploads\/2026\/01\/image-33.png","contentUrl":"https:\/\/seasonfashion.site\/wp-content\/uploads\/2026\/01\/image-33.png","width":1344,"height":768},{"@type":"BreadcrumbList","@id":"https:\/\/seasonfashion.site\/index.php\/san-pham\/ao-mua-he\/#breadcrumb","itemListElement":[{"@type":"ListItem","position":1,"name":"Trang ch\u1ee7","item":"https:\/\/seasonfashion.site\/"},{"@type":"ListItem","position":2,"name":"C\u1eeda h\u00e0ng","item":"https:\/\/seasonfashion.site\/"},{"@type":"ListItem","position":3,"name":"\u00c1O M\u00d9A H\u00c8"}]},{"@type":"WebSite","@id":"https:\/\/seasonfashion.site\/#website","url":"https:\/\/seasonfashion.site\/","name":"Season Fashion","description":"","publisher":{"@id":"https:\/\/seasonfashion.site\/#organization"},"potentialAction":[{"@type":"SearchAction","target":{"@type":"EntryPoint","urlTemplate":"https:\/\/seasonfashion.site\/?s={search_term_string}"},"query-input":{"@type":"PropertyValueSpecification","valueRequired":true,"valueName":"search_term_string"}}],"inLanguage":"vi"},{"@type":"Organization","@id":"https:\/\/seasonfashion.site\/#organization","name":"Season Fashion","url":"https:\/\/seasonfashion.site\/","logo":{"@type":"ImageObject","inLanguage":"vi","@id":"https:\/\/seasonfashion.site\/#\/schema\/logo\/image\/","url":"https:\/\/seasonfashion.site\/wp-content\/uploads\/2026\/01\/cropped-z7377435132739_591c3c6651a3cd29d71580a6881228e2-1.jpg","contentUrl":"https:\/\/seasonfashion.site\/wp-content\/uploads\/2026\/01\/cropped-z7377435132739_591c3c6651a3cd29d71580a6881228e2-1.jpg","width":1045,"height":576,"caption":"Season Fashion"},"image":{"@id":"https:\/\/seasonfashion.site\/#\/schema\/logo\/image\/"}}]}},"jetpack_sharing_enabled":true,"_links":{"self":[{"href":"https:\/\/seasonfashion.site\/index.php\/wp-json\/wp\/v2\/product\/604","targetHints":{"allow":["GET"]}}],"collection":[{"href":"https:\/\/seasonfashion.site\/index.php\/wp-json\/wp\/v2\/product"}],"about":[{"href":"https:\/\/seasonfashion.site\/index.php\/wp-json\/wp\/v2\/types\/product"}],"replies":[{"embeddable":true,"href":"https:\/\/seasonfashion.site\/index.php\/wp-json\/wp\/v2\/comments?post=604"}],"wp:featuredmedia":[{"embeddable":true,"href":"https:\/\/seasonfashion.site\/index.php\/wp-json\/wp\/v2\/media\/453"}],"wp:attachment":[{"href":"https:\/\/seasonfashion.site\/index.php\/wp-json\/wp\/v2\/media?parent=604"}],"wp:term":[{"taxonomy":"product_brand","embeddable":true,"href":"https:\/\/seasonfashion.site\/index.php\/wp-json\/wp\/v2\/product_brand?post=604"},{"taxonomy":"product_cat","embeddable":true,"href":"https:\/\/seasonfashion.site\/index.php\/wp-json\/wp\/v2\/product_cat?post=604"},{"taxonomy":"product_tag","embeddable":true,"href":"https:\/\/seasonfashion.site\/index.php\/wp-json\/wp\/v2\/product_tag?post=604"}],"curies":[{"name":"wp","href":"https:\/\/api.w.org\/{rel}","templated":true}]}}