{"id":216,"date":"2026-01-05T09:02:50","date_gmt":"2026-01-05T09:02:50","guid":{"rendered":"https:\/\/seasonfashion.site\/?post_type=product&#038;p=216"},"modified":"2026-02-02T09:57:49","modified_gmt":"2026-02-02T09:57:49","slug":"set-do-di-bien-mua-he","status":"publish","type":"product","link":"https:\/\/seasonfashion.site\/index.php\/san-pham\/set-do-di-bien-mua-he\/","title":{"rendered":"Set \u0111\u1ed3 \u0111i bi\u1ec3n m\u00f9a h\u00e8"},"content":{"rendered":"<h3 data-path-to-node=\"1\">1. \u00c1o thun tr\u1eafng<\/h3>\n<ul data-path-to-node=\"2\">\n<li>\n<p data-path-to-node=\"2,0,0\"><b data-path-to-node=\"2,0,0\" data-index-in-node=\"0\">Ch\u1ea5t li\u1ec7u:<\/b> Cotton 100% ho\u1eb7c thun l\u1ea1nh (th\u1ea5m h\u00fat t\u1ed1t, m\u00e1t).<\/p>\n<\/li>\n<li>\n<p data-path-to-node=\"2,1,0\"><b data-path-to-node=\"2,1,0\" data-index-in-node=\"0\">Ki\u1ec3u d\u00e1ng:<\/b> Form r\u1ed9ng (Oversize) ho\u1eb7c v\u1eeba v\u1eb7n, c\u1ed5 tr\u00f2n.<\/p>\n<\/li>\n<li>\n<p data-path-to-node=\"2,2,0\"><b data-path-to-node=\"2,2,0\" data-index-in-node=\"0\">\u0110\u1eb7c \u0111i\u1ec3m:<\/b> D\u1ec5 ph\u1ed1i \u0111\u1ed3, l\u00e0m s\u00e1ng da khi ch\u1ee5p \u1ea3nh.<\/p>\n<\/li>\n<\/ul>\n<h3 data-path-to-node=\"3\">2. Qu\u1ea7n short h\u1ecda ti\u1ebft<\/h3>\n<ul data-path-to-node=\"4\">\n<li>\n<p data-path-to-node=\"4,0,0\"><b data-path-to-node=\"4,0,0\" data-index-in-node=\"0\">Ch\u1ea5t li\u1ec7u:<\/b> V\u1ea3i d\u00f9 (nhanh kh\u00f4) ho\u1eb7c v\u1ea3i \u0111\u0169i\/linen (nh\u1eb9, tho\u00e1ng).<\/p>\n<\/li>\n<li>\n<p data-path-to-node=\"4,1,0\"><b data-path-to-node=\"4,1,0\" data-index-in-node=\"0\">Thi\u1ebft k\u1ebf:<\/b> L\u01b0ng thun co gi\u00e3n, c\u00f3 d\u00e2y r\u00fat.<\/p>\n<\/li>\n<li>\n<p data-path-to-node=\"4,2,0\"><b data-path-to-node=\"4,2,0\" data-index-in-node=\"0\">H\u1ecda ti\u1ebft:<\/b> Hoa l\u00e1 nhi\u1ec7t \u0111\u1edbi (Tropical) ho\u1eb7c m\u00e0u s\u1eafc r\u1ef1c r\u1ee1.<\/p>\n<\/li>\n<\/ul>\n<h3 data-path-to-node=\"5\">3. Phong c\u00e1ch<\/h3>\n<ul data-path-to-node=\"6\">\n<li>\n<p data-path-to-node=\"6,0,0\">Tr\u1ebb trung, n\u0103ng \u0111\u1ed9ng, ph\u00f9 h\u1ee3p d\u1ea1o bi\u1ec3n ho\u1eb7c tham gia ho\u1ea1t \u0111\u1ed9ng ngo\u00e0i tr\u1eddi.<\/p>\n<\/li>\n<\/ul>\n","protected":false},"excerpt":{"rendered":"<p>1. \u00c1o thun tr\u1eafng Ch\u1ea5t li\u1ec7u: Cotton 100% ho\u1eb7c thun l\u1ea1nh (th\u1ea5m h\u00fat t\u1ed1t, m\u00e1t). Ki\u1ec3u d\u00e1ng: Form r\u1ed9ng (Oversize) ho\u1eb7c v\u1eeba v\u1eb7n, c\u1ed5 tr\u00f2n. \u0110\u1eb7c \u0111i\u1ec3m: D\u1ec5 ph\u1ed1i \u0111\u1ed3, l\u00e0m s\u00e1ng da khi ch\u1ee5p \u1ea3nh. 2. Qu\u1ea7n short h\u1ecda ti\u1ebft Ch\u1ea5t li\u1ec7u: V\u1ea3i d\u00f9 (nhanh kh\u00f4) ho\u1eb7c v\u1ea3i \u0111\u0169i\/linen (nh\u1eb9, tho\u00e1ng). Thi\u1ebft k\u1ebf: L\u01b0ng &hellip; <\/p>\n<p class=\"link-more\"><a href=\"https:\/\/seasonfashion.site\/index.php\/san-pham\/set-do-di-bien-mua-he\/\" class=\"more-link\">\u0110\u1ecdc ti\u1ebfp<span class=\"screen-reader-text\"> &#8220;Set \u0111\u1ed3 \u0111i bi\u1ec3n m\u00f9a h\u00e8&#8221;<\/span><\/a><\/p>\n","protected":false},"featured_media":159,"comment_status":"open","ping_status":"closed","template":"","meta":[],"product_brand":[],"product_cat":[30],"product_tag":[],"class_list":{"0":"post-216","1":"product","2":"type-product","3":"status-publish","4":"has-post-thumbnail","6":"product_cat-do-bo-di-bien","7":"entry","9":"first","10":"instock","11":"sale","12":"shipping-taxable","13":"purchasable","14":"product-type-simple"},"yoast_head":"<!-- This site is optimized with the Yoast SEO plugin v26.8 - https:\/\/yoast.com\/product\/yoast-seo-wordpress\/ -->\n<title>Set \u0111\u1ed3 \u0111i bi\u1ec3n m\u00f9a h\u00e8 - Season Fashion<\/title>\n<meta name=\"robots\" content=\"index, follow, max-snippet:-1, max-image-preview:large, max-video-preview:-1\" \/>\n<link rel=\"canonical\" href=\"https:\/\/seasonfashion.site\/index.php\/san-pham\/set-do-di-bien-mua-he\/\" \/>\n<meta property=\"og:locale\" content=\"vi_VN\" \/>\n<meta property=\"og:type\" content=\"article\" \/>\n<meta property=\"og:title\" content=\"Set \u0111\u1ed3 \u0111i bi\u1ec3n m\u00f9a h\u00e8 - Season Fashion\" \/>\n<meta property=\"og:description\" content=\"1. \u00c1o thun tr\u1eafng Ch\u1ea5t li\u1ec7u: Cotton 100% ho\u1eb7c thun l\u1ea1nh (th\u1ea5m h\u00fat t\u1ed1t, m\u00e1t). Ki\u1ec3u d\u00e1ng: Form r\u1ed9ng (Oversize) ho\u1eb7c v\u1eeba v\u1eb7n, c\u1ed5 tr\u00f2n. \u0110\u1eb7c \u0111i\u1ec3m: D\u1ec5 ph\u1ed1i \u0111\u1ed3, l\u00e0m s\u00e1ng da khi ch\u1ee5p \u1ea3nh. 2. Qu\u1ea7n short h\u1ecda ti\u1ebft Ch\u1ea5t li\u1ec7u: V\u1ea3i d\u00f9 (nhanh kh\u00f4) ho\u1eb7c v\u1ea3i \u0111\u0169i\/linen (nh\u1eb9, tho\u00e1ng). Thi\u1ebft k\u1ebf: L\u01b0ng &hellip; \u0110\u1ecdc ti\u1ebfp &quot;Set \u0111\u1ed3 \u0111i bi\u1ec3n m\u00f9a h\u00e8&quot;\" \/>\n<meta property=\"og:url\" content=\"https:\/\/seasonfashion.site\/index.php\/san-pham\/set-do-di-bien-mua-he\/\" \/>\n<meta property=\"og:site_name\" content=\"Season Fashion\" \/>\n<meta property=\"article:modified_time\" content=\"2026-02-02T09:57:49+00:00\" \/>\n<meta property=\"og:image\" content=\"https:\/\/seasonfashion.site\/wp-content\/uploads\/2026\/01\/560d9357-e1df-4b3b-b721-72509d173355.jpg\" \/>\n\t<meta property=\"og:image:width\" content=\"260\" \/>\n\t<meta property=\"og:image:height\" content=\"444\" \/>\n\t<meta property=\"og:image:type\" content=\"image\/jpeg\" \/>\n<meta name=\"twitter:card\" content=\"summary_large_image\" \/>\n<meta name=\"twitter:label1\" content=\"\u01af\u1edbc t\u00ednh th\u1eddi gian \u0111\u1ecdc\" \/>\n\t<meta name=\"twitter:data1\" content=\"1 ph\u00fat\" \/>\n<script type=\"application\/ld+json\" class=\"yoast-schema-graph\">{\"@context\":\"https:\/\/schema.org\",\"@graph\":[{\"@type\":\"WebPage\",\"@id\":\"https:\/\/seasonfashion.site\/index.php\/san-pham\/set-do-di-bien-mua-he\/\",\"url\":\"https:\/\/seasonfashion.site\/index.php\/san-pham\/set-do-di-bien-mua-he\/\",\"name\":\"Set \u0111\u1ed3 \u0111i bi\u1ec3n m\u00f9a h\u00e8 - Season Fashion\",\"isPartOf\":{\"@id\":\"https:\/\/seasonfashion.site\/#website\"},\"primaryImageOfPage\":{\"@id\":\"https:\/\/seasonfashion.site\/index.php\/san-pham\/set-do-di-bien-mua-he\/#primaryimage\"},\"image\":{\"@id\":\"https:\/\/seasonfashion.site\/index.php\/san-pham\/set-do-di-bien-mua-he\/#primaryimage\"},\"thumbnailUrl\":\"https:\/\/seasonfashion.site\/wp-content\/uploads\/2026\/01\/560d9357-e1df-4b3b-b721-72509d173355.jpg\",\"datePublished\":\"2026-01-05T09:02:50+00:00\",\"dateModified\":\"2026-02-02T09:57:49+00:00\",\"breadcrumb\":{\"@id\":\"https:\/\/seasonfashion.site\/index.php\/san-pham\/set-do-di-bien-mua-he\/#breadcrumb\"},\"inLanguage\":\"vi\",\"potentialAction\":[{\"@type\":\"ReadAction\",\"target\":[\"https:\/\/seasonfashion.site\/index.php\/san-pham\/set-do-di-bien-mua-he\/\"]}]},{\"@type\":\"ImageObject\",\"inLanguage\":\"vi\",\"@id\":\"https:\/\/seasonfashion.site\/index.php\/san-pham\/set-do-di-bien-mua-he\/#primaryimage\",\"url\":\"https:\/\/seasonfashion.site\/wp-content\/uploads\/2026\/01\/560d9357-e1df-4b3b-b721-72509d173355.jpg\",\"contentUrl\":\"https:\/\/seasonfashion.site\/wp-content\/uploads\/2026\/01\/560d9357-e1df-4b3b-b721-72509d173355.jpg\",\"width\":260,\"height\":444},{\"@type\":\"BreadcrumbList\",\"@id\":\"https:\/\/seasonfashion.site\/index.php\/san-pham\/set-do-di-bien-mua-he\/#breadcrumb\",\"itemListElement\":[{\"@type\":\"ListItem\",\"position\":1,\"name\":\"Trang ch\u1ee7\",\"item\":\"https:\/\/seasonfashion.site\/\"},{\"@type\":\"ListItem\",\"position\":2,\"name\":\"C\u1eeda h\u00e0ng\",\"item\":\"https:\/\/seasonfashion.site\/\"},{\"@type\":\"ListItem\",\"position\":3,\"name\":\"Set \u0111\u1ed3 \u0111i bi\u1ec3n m\u00f9a h\u00e8\"}]},{\"@type\":\"WebSite\",\"@id\":\"https:\/\/seasonfashion.site\/#website\",\"url\":\"https:\/\/seasonfashion.site\/\",\"name\":\"Season Fashion\",\"description\":\"\",\"publisher\":{\"@id\":\"https:\/\/seasonfashion.site\/#organization\"},\"potentialAction\":[{\"@type\":\"SearchAction\",\"target\":{\"@type\":\"EntryPoint\",\"urlTemplate\":\"https:\/\/seasonfashion.site\/?s={search_term_string}\"},\"query-input\":{\"@type\":\"PropertyValueSpecification\",\"valueRequired\":true,\"valueName\":\"search_term_string\"}}],\"inLanguage\":\"vi\"},{\"@type\":\"Organization\",\"@id\":\"https:\/\/seasonfashion.site\/#organization\",\"name\":\"Season Fashion\",\"url\":\"https:\/\/seasonfashion.site\/\",\"logo\":{\"@type\":\"ImageObject\",\"inLanguage\":\"vi\",\"@id\":\"https:\/\/seasonfashion.site\/#\/schema\/logo\/image\/\",\"url\":\"https:\/\/seasonfashion.site\/wp-content\/uploads\/2026\/01\/cropped-z7377435132739_591c3c6651a3cd29d71580a6881228e2-1.jpg\",\"contentUrl\":\"https:\/\/seasonfashion.site\/wp-content\/uploads\/2026\/01\/cropped-z7377435132739_591c3c6651a3cd29d71580a6881228e2-1.jpg\",\"width\":1045,\"height\":576,\"caption\":\"Season Fashion\"},\"image\":{\"@id\":\"https:\/\/seasonfashion.site\/#\/schema\/logo\/image\/\"}}]}<\/script>\n<!-- \/ Yoast SEO plugin. -->","yoast_head_json":{"title":"Set \u0111\u1ed3 \u0111i bi\u1ec3n m\u00f9a h\u00e8 - Season Fashion","robots":{"index":"index","follow":"follow","max-snippet":"max-snippet:-1","max-image-preview":"max-image-preview:large","max-video-preview":"max-video-preview:-1"},"canonical":"https:\/\/seasonfashion.site\/index.php\/san-pham\/set-do-di-bien-mua-he\/","og_locale":"vi_VN","og_type":"article","og_title":"Set \u0111\u1ed3 \u0111i bi\u1ec3n m\u00f9a h\u00e8 - Season Fashion","og_description":"1. \u00c1o thun tr\u1eafng Ch\u1ea5t li\u1ec7u: Cotton 100% ho\u1eb7c thun l\u1ea1nh (th\u1ea5m h\u00fat t\u1ed1t, m\u00e1t). Ki\u1ec3u d\u00e1ng: Form r\u1ed9ng (Oversize) ho\u1eb7c v\u1eeba v\u1eb7n, c\u1ed5 tr\u00f2n. \u0110\u1eb7c \u0111i\u1ec3m: D\u1ec5 ph\u1ed1i \u0111\u1ed3, l\u00e0m s\u00e1ng da khi ch\u1ee5p \u1ea3nh. 2. Qu\u1ea7n short h\u1ecda ti\u1ebft Ch\u1ea5t li\u1ec7u: V\u1ea3i d\u00f9 (nhanh kh\u00f4) ho\u1eb7c v\u1ea3i \u0111\u0169i\/linen (nh\u1eb9, tho\u00e1ng). Thi\u1ebft k\u1ebf: L\u01b0ng &hellip; \u0110\u1ecdc ti\u1ebfp \"Set \u0111\u1ed3 \u0111i bi\u1ec3n m\u00f9a h\u00e8\"","og_url":"https:\/\/seasonfashion.site\/index.php\/san-pham\/set-do-di-bien-mua-he\/","og_site_name":"Season Fashion","article_modified_time":"2026-02-02T09:57:49+00:00","og_image":[{"width":260,"height":444,"url":"https:\/\/seasonfashion.site\/wp-content\/uploads\/2026\/01\/560d9357-e1df-4b3b-b721-72509d173355.jpg","type":"image\/jpeg"}],"twitter_card":"summary_large_image","twitter_misc":{"\u01af\u1edbc t\u00ednh th\u1eddi gian \u0111\u1ecdc":"1 ph\u00fat"},"schema":{"@context":"https:\/\/schema.org","@graph":[{"@type":"WebPage","@id":"https:\/\/seasonfashion.site\/index.php\/san-pham\/set-do-di-bien-mua-he\/","url":"https:\/\/seasonfashion.site\/index.php\/san-pham\/set-do-di-bien-mua-he\/","name":"Set \u0111\u1ed3 \u0111i bi\u1ec3n m\u00f9a h\u00e8 - Season Fashion","isPartOf":{"@id":"https:\/\/seasonfashion.site\/#website"},"primaryImageOfPage":{"@id":"https:\/\/seasonfashion.site\/index.php\/san-pham\/set-do-di-bien-mua-he\/#primaryimage"},"image":{"@id":"https:\/\/seasonfashion.site\/index.php\/san-pham\/set-do-di-bien-mua-he\/#primaryimage"},"thumbnailUrl":"https:\/\/seasonfashion.site\/wp-content\/uploads\/2026\/01\/560d9357-e1df-4b3b-b721-72509d173355.jpg","datePublished":"2026-01-05T09:02:50+00:00","dateModified":"2026-02-02T09:57:49+00:00","breadcrumb":{"@id":"https:\/\/seasonfashion.site\/index.php\/san-pham\/set-do-di-bien-mua-he\/#breadcrumb"},"inLanguage":"vi","potentialAction":[{"@type":"ReadAction","target":["https:\/\/seasonfashion.site\/index.php\/san-pham\/set-do-di-bien-mua-he\/"]}]},{"@type":"ImageObject","inLanguage":"vi","@id":"https:\/\/seasonfashion.site\/index.php\/san-pham\/set-do-di-bien-mua-he\/#primaryimage","url":"https:\/\/seasonfashion.site\/wp-content\/uploads\/2026\/01\/560d9357-e1df-4b3b-b721-72509d173355.jpg","contentUrl":"https:\/\/seasonfashion.site\/wp-content\/uploads\/2026\/01\/560d9357-e1df-4b3b-b721-72509d173355.jpg","width":260,"height":444},{"@type":"BreadcrumbList","@id":"https:\/\/seasonfashion.site\/index.php\/san-pham\/set-do-di-bien-mua-he\/#breadcrumb","itemListElement":[{"@type":"ListItem","position":1,"name":"Trang ch\u1ee7","item":"https:\/\/seasonfashion.site\/"},{"@type":"ListItem","position":2,"name":"C\u1eeda h\u00e0ng","item":"https:\/\/seasonfashion.site\/"},{"@type":"ListItem","position":3,"name":"Set \u0111\u1ed3 \u0111i bi\u1ec3n m\u00f9a h\u00e8"}]},{"@type":"WebSite","@id":"https:\/\/seasonfashion.site\/#website","url":"https:\/\/seasonfashion.site\/","name":"Season Fashion","description":"","publisher":{"@id":"https:\/\/seasonfashion.site\/#organization"},"potentialAction":[{"@type":"SearchAction","target":{"@type":"EntryPoint","urlTemplate":"https:\/\/seasonfashion.site\/?s={search_term_string}"},"query-input":{"@type":"PropertyValueSpecification","valueRequired":true,"valueName":"search_term_string"}}],"inLanguage":"vi"},{"@type":"Organization","@id":"https:\/\/seasonfashion.site\/#organization","name":"Season Fashion","url":"https:\/\/seasonfashion.site\/","logo":{"@type":"ImageObject","inLanguage":"vi","@id":"https:\/\/seasonfashion.site\/#\/schema\/logo\/image\/","url":"https:\/\/seasonfashion.site\/wp-content\/uploads\/2026\/01\/cropped-z7377435132739_591c3c6651a3cd29d71580a6881228e2-1.jpg","contentUrl":"https:\/\/seasonfashion.site\/wp-content\/uploads\/2026\/01\/cropped-z7377435132739_591c3c6651a3cd29d71580a6881228e2-1.jpg","width":1045,"height":576,"caption":"Season Fashion"},"image":{"@id":"https:\/\/seasonfashion.site\/#\/schema\/logo\/image\/"}}]}},"jetpack_sharing_enabled":true,"_links":{"self":[{"href":"https:\/\/seasonfashion.site\/index.php\/wp-json\/wp\/v2\/product\/216","targetHints":{"allow":["GET"]}}],"collection":[{"href":"https:\/\/seasonfashion.site\/index.php\/wp-json\/wp\/v2\/product"}],"about":[{"href":"https:\/\/seasonfashion.site\/index.php\/wp-json\/wp\/v2\/types\/product"}],"replies":[{"embeddable":true,"href":"https:\/\/seasonfashion.site\/index.php\/wp-json\/wp\/v2\/comments?post=216"}],"wp:featuredmedia":[{"embeddable":true,"href":"https:\/\/seasonfashion.site\/index.php\/wp-json\/wp\/v2\/media\/159"}],"wp:attachment":[{"href":"https:\/\/seasonfashion.site\/index.php\/wp-json\/wp\/v2\/media?parent=216"}],"wp:term":[{"taxonomy":"product_brand","embeddable":true,"href":"https:\/\/seasonfashion.site\/index.php\/wp-json\/wp\/v2\/product_brand?post=216"},{"taxonomy":"product_cat","embeddable":true,"href":"https:\/\/seasonfashion.site\/index.php\/wp-json\/wp\/v2\/product_cat?post=216"},{"taxonomy":"product_tag","embeddable":true,"href":"https:\/\/seasonfashion.site\/index.php\/wp-json\/wp\/v2\/product_tag?post=216"}],"curies":[{"name":"wp","href":"https:\/\/api.w.org\/{rel}","templated":true}]}}