{"id":156,"date":"2026-01-05T08:27:32","date_gmt":"2026-01-05T08:27:32","guid":{"rendered":"https:\/\/seasonfashion.site\/?post_type=product&#038;p=156"},"modified":"2026-01-05T08:31:50","modified_gmt":"2026-01-05T08:31:50","slug":"ao-so-mi-nu-sf0087","status":"publish","type":"product","link":"https:\/\/seasonfashion.site\/index.php\/san-pham\/ao-so-mi-nu-sf0087\/","title":{"rendered":"\u00c1o s\u01a1 mi n\u1eef &#8211; SF0087"},"content":{"rendered":"<p data-start=\"89\" data-end=\"378\">\u00c1o s\u01a1 mi n\u1eef \u0111\u01b0\u1ee3c thi\u1ebft k\u1ebf thanh l\u1ecbch, n\u1eef t\u00ednh, ph\u00f9 h\u1ee3p cho nhi\u1ec1u ho\u00e0n c\u1ea3nh kh\u00e1c nhau. Ch\u1ea5t li\u1ec7u v\u1ea3i m\u1ec1m m\u1ea1i, tho\u00e1ng m\u00e1t, t\u1ea1o c\u1ea3m gi\u00e1c d\u1ec5 ch\u1ecbu khi m\u1eb7c c\u1ea3 ng\u00e0y. Form d\u00e1ng v\u1eeba v\u1eb7n, t\u00f4n d\u00e1ng, d\u1ec5 ph\u1ed1i c\u00f9ng qu\u1ea7n \u00e2u, ch\u00e2n v\u00e1y ho\u1eb7c jeans, th\u00edch h\u1ee3p \u0111i l\u00e0m, \u0111i h\u1ecdc hay d\u1ea1o ph\u1ed1.<\/p>\n<p data-start=\"380\" data-end=\"403\"><strong data-start=\"380\" data-end=\"401\">Th\u00f4ng s\u1ed1 s\u1ea3n ph\u1ea9m<\/strong><\/p>\n<ul data-start=\"404\" data-end=\"844\">\n<li data-start=\"404\" data-end=\"449\">\n<p data-start=\"406\" data-end=\"449\"><strong data-start=\"406\" data-end=\"420\">Ch\u1ea5t li\u1ec7u:<\/strong> Cotton<\/p>\n<\/li>\n<li data-start=\"450\" data-end=\"491\">\n<p data-start=\"452\" data-end=\"491\"><strong data-start=\"452\" data-end=\"466\">Form d\u00e1ng:<\/strong> Regular fit<\/p>\n<\/li>\n<li data-start=\"492\" data-end=\"525\">\n<p data-start=\"494\" data-end=\"525\"><strong data-start=\"494\" data-end=\"505\">\u0110\u1ed9 d\u00e0y:<\/strong> M\u1ecfng \u2013 tho\u00e1ng m\u00e1t<\/p>\n<\/li>\n<li data-start=\"526\" data-end=\"567\">\n<p data-start=\"528\" data-end=\"567\"><strong data-start=\"528\" data-end=\"538\">C\u1ed5 \u00e1o:<\/strong>\u00a0 c\u1ed5 V nh\u1eb9<\/p>\n<\/li>\n<li data-start=\"568\" data-end=\"611\">\n<p data-start=\"570\" data-end=\"611\"><strong data-start=\"570\" data-end=\"581\">Tay \u00e1o:<\/strong> Tay ng\u1eafn<\/p>\n<\/li>\n<li data-start=\"568\" data-end=\"611\">\n<p data-start=\"570\" data-end=\"611\"><strong data-start=\"614\" data-end=\"625\">C\u00e0i \u00e1o:<\/strong> H\u00e0ng n\u00fat tr\u01b0\u1edbc<\/p>\n<\/li>\n<li data-start=\"643\" data-end=\"699\">\n<p data-start=\"645\" data-end=\"699\"><strong data-start=\"645\" data-end=\"657\">M\u00e0u s\u1eafc:<\/strong> Tr\u1eafng, be, pastel, xanh nh\u1ea1t, h\u1ed3ng nh\u1ea1t<\/p>\n<\/li>\n<li data-start=\"700\" data-end=\"728\">\n<p data-start=\"702\" data-end=\"728\"><strong data-start=\"702\" data-end=\"711\">Size:<\/strong> S \u2013 M \u2013 L \u2013 XL<\/p>\n<\/li>\n<li data-start=\"729\" data-end=\"754\">\n<p data-start=\"731\" data-end=\"754\"><strong data-start=\"731\" data-end=\"743\">Xu\u1ea5t x\u1ee9:<\/strong> Vi\u1ec7t Nam<\/p>\n<\/li>\n<li data-start=\"755\" data-end=\"844\">\n<p data-start=\"757\" data-end=\"844\"><strong data-start=\"757\" data-end=\"780\">H\u01b0\u1edbng d\u1eabn b\u1ea3o qu\u1ea3n:<\/strong> Gi\u1eb7t nh\u1eb9, kh\u00f4ng t\u1ea9y m\u1ea1nh, \u1ee7i nhi\u1ec7t \u0111\u1ed9 th\u1ea5p, ph\u01a1i n\u01a1i tho\u00e1ng m\u00e1t<\/p>\n<\/li>\n<\/ul>\n","protected":false},"excerpt":{"rendered":"<p>\u00c1o s\u01a1 mi n\u1eef \u0111\u01b0\u1ee3c thi\u1ebft k\u1ebf thanh l\u1ecbch, n\u1eef t\u00ednh, ph\u00f9 h\u1ee3p cho nhi\u1ec1u ho\u00e0n c\u1ea3nh kh\u00e1c nhau. Ch\u1ea5t li\u1ec7u v\u1ea3i m\u1ec1m m\u1ea1i, tho\u00e1ng m\u00e1t, t\u1ea1o c\u1ea3m gi\u00e1c d\u1ec5 ch\u1ecbu khi m\u1eb7c c\u1ea3 ng\u00e0y. Form d\u00e1ng v\u1eeba v\u1eb7n, t\u00f4n d\u00e1ng, d\u1ec5 ph\u1ed1i c\u00f9ng qu\u1ea7n \u00e2u, ch\u00e2n v\u00e1y ho\u1eb7c jeans, th\u00edch h\u1ee3p \u0111i l\u00e0m, \u0111i &hellip; <\/p>\n<p class=\"link-more\"><a href=\"https:\/\/seasonfashion.site\/index.php\/san-pham\/ao-so-mi-nu-sf0087\/\" class=\"more-link\">\u0110\u1ecdc ti\u1ebfp<span class=\"screen-reader-text\"> &#8220;\u00c1o s\u01a1 mi n\u1eef &#8211; SF0087&#8221;<\/span><\/a><\/p>\n","protected":false},"featured_media":96,"comment_status":"open","ping_status":"closed","template":"","meta":[],"product_brand":[],"product_cat":[17],"product_tag":[],"class_list":{"0":"post-156","1":"product","2":"type-product","3":"status-publish","4":"has-post-thumbnail","6":"product_cat-ao-so-mi","7":"entry","9":"first","10":"instock","11":"sale","12":"shipping-taxable","13":"purchasable","14":"product-type-simple"},"yoast_head":"<!-- This site is optimized with the Yoast SEO plugin v26.8 - https:\/\/yoast.com\/product\/yoast-seo-wordpress\/ -->\n<title>\u00c1o s\u01a1 mi n\u1eef - SF0087 - Season Fashion<\/title>\n<meta name=\"robots\" content=\"index, follow, max-snippet:-1, max-image-preview:large, max-video-preview:-1\" \/>\n<link rel=\"canonical\" href=\"https:\/\/seasonfashion.site\/index.php\/san-pham\/ao-so-mi-nu-sf0087\/\" \/>\n<meta property=\"og:locale\" content=\"vi_VN\" \/>\n<meta property=\"og:type\" content=\"article\" \/>\n<meta property=\"og:title\" content=\"\u00c1o s\u01a1 mi n\u1eef - SF0087 - Season Fashion\" \/>\n<meta property=\"og:description\" content=\"\u00c1o s\u01a1 mi n\u1eef \u0111\u01b0\u1ee3c thi\u1ebft k\u1ebf thanh l\u1ecbch, n\u1eef t\u00ednh, ph\u00f9 h\u1ee3p cho nhi\u1ec1u ho\u00e0n c\u1ea3nh kh\u00e1c nhau. Ch\u1ea5t li\u1ec7u v\u1ea3i m\u1ec1m m\u1ea1i, tho\u00e1ng m\u00e1t, t\u1ea1o c\u1ea3m gi\u00e1c d\u1ec5 ch\u1ecbu khi m\u1eb7c c\u1ea3 ng\u00e0y. Form d\u00e1ng v\u1eeba v\u1eb7n, t\u00f4n d\u00e1ng, d\u1ec5 ph\u1ed1i c\u00f9ng qu\u1ea7n \u00e2u, ch\u00e2n v\u00e1y ho\u1eb7c jeans, th\u00edch h\u1ee3p \u0111i l\u00e0m, \u0111i &hellip; \u0110\u1ecdc ti\u1ebfp &quot;\u00c1o s\u01a1 mi n\u1eef &#8211; SF0087&quot;\" \/>\n<meta property=\"og:url\" content=\"https:\/\/seasonfashion.site\/index.php\/san-pham\/ao-so-mi-nu-sf0087\/\" \/>\n<meta property=\"og:site_name\" content=\"Season Fashion\" \/>\n<meta property=\"article:modified_time\" content=\"2026-01-05T08:31:50+00:00\" \/>\n<meta property=\"og:image\" content=\"https:\/\/seasonfashion.site\/wp-content\/uploads\/2026\/01\/z7384598046583_b94e5266617285efcb8d2a0a5d53eb22.jpg\" \/>\n\t<meta property=\"og:image:width\" content=\"1392\" \/>\n\t<meta property=\"og:image:height\" content=\"752\" \/>\n\t<meta property=\"og:image:type\" content=\"image\/jpeg\" \/>\n<meta name=\"twitter:card\" content=\"summary_large_image\" \/>\n<meta name=\"twitter:label1\" content=\"\u01af\u1edbc t\u00ednh th\u1eddi gian \u0111\u1ecdc\" \/>\n\t<meta name=\"twitter:data1\" content=\"1 ph\u00fat\" \/>\n<script type=\"application\/ld+json\" class=\"yoast-schema-graph\">{\"@context\":\"https:\/\/schema.org\",\"@graph\":[{\"@type\":\"WebPage\",\"@id\":\"https:\/\/seasonfashion.site\/index.php\/san-pham\/ao-so-mi-nu-sf0087\/\",\"url\":\"https:\/\/seasonfashion.site\/index.php\/san-pham\/ao-so-mi-nu-sf0087\/\",\"name\":\"\u00c1o s\u01a1 mi n\u1eef - SF0087 - Season Fashion\",\"isPartOf\":{\"@id\":\"https:\/\/seasonfashion.site\/#website\"},\"primaryImageOfPage\":{\"@id\":\"https:\/\/seasonfashion.site\/index.php\/san-pham\/ao-so-mi-nu-sf0087\/#primaryimage\"},\"image\":{\"@id\":\"https:\/\/seasonfashion.site\/index.php\/san-pham\/ao-so-mi-nu-sf0087\/#primaryimage\"},\"thumbnailUrl\":\"https:\/\/seasonfashion.site\/wp-content\/uploads\/2026\/01\/z7384598046583_b94e5266617285efcb8d2a0a5d53eb22.jpg\",\"datePublished\":\"2026-01-05T08:27:32+00:00\",\"dateModified\":\"2026-01-05T08:31:50+00:00\",\"breadcrumb\":{\"@id\":\"https:\/\/seasonfashion.site\/index.php\/san-pham\/ao-so-mi-nu-sf0087\/#breadcrumb\"},\"inLanguage\":\"vi\",\"potentialAction\":[{\"@type\":\"ReadAction\",\"target\":[\"https:\/\/seasonfashion.site\/index.php\/san-pham\/ao-so-mi-nu-sf0087\/\"]}]},{\"@type\":\"ImageObject\",\"inLanguage\":\"vi\",\"@id\":\"https:\/\/seasonfashion.site\/index.php\/san-pham\/ao-so-mi-nu-sf0087\/#primaryimage\",\"url\":\"https:\/\/seasonfashion.site\/wp-content\/uploads\/2026\/01\/z7384598046583_b94e5266617285efcb8d2a0a5d53eb22.jpg\",\"contentUrl\":\"https:\/\/seasonfashion.site\/wp-content\/uploads\/2026\/01\/z7384598046583_b94e5266617285efcb8d2a0a5d53eb22.jpg\",\"width\":1392,\"height\":752},{\"@type\":\"BreadcrumbList\",\"@id\":\"https:\/\/seasonfashion.site\/index.php\/san-pham\/ao-so-mi-nu-sf0087\/#breadcrumb\",\"itemListElement\":[{\"@type\":\"ListItem\",\"position\":1,\"name\":\"Trang ch\u1ee7\",\"item\":\"https:\/\/seasonfashion.site\/\"},{\"@type\":\"ListItem\",\"position\":2,\"name\":\"C\u1eeda h\u00e0ng\",\"item\":\"https:\/\/seasonfashion.site\/\"},{\"@type\":\"ListItem\",\"position\":3,\"name\":\"\u00c1o s\u01a1 mi n\u1eef &#8211; SF0087\"}]},{\"@type\":\"WebSite\",\"@id\":\"https:\/\/seasonfashion.site\/#website\",\"url\":\"https:\/\/seasonfashion.site\/\",\"name\":\"Season Fashion\",\"description\":\"\",\"publisher\":{\"@id\":\"https:\/\/seasonfashion.site\/#organization\"},\"potentialAction\":[{\"@type\":\"SearchAction\",\"target\":{\"@type\":\"EntryPoint\",\"urlTemplate\":\"https:\/\/seasonfashion.site\/?s={search_term_string}\"},\"query-input\":{\"@type\":\"PropertyValueSpecification\",\"valueRequired\":true,\"valueName\":\"search_term_string\"}}],\"inLanguage\":\"vi\"},{\"@type\":\"Organization\",\"@id\":\"https:\/\/seasonfashion.site\/#organization\",\"name\":\"Season Fashion\",\"url\":\"https:\/\/seasonfashion.site\/\",\"logo\":{\"@type\":\"ImageObject\",\"inLanguage\":\"vi\",\"@id\":\"https:\/\/seasonfashion.site\/#\/schema\/logo\/image\/\",\"url\":\"https:\/\/seasonfashion.site\/wp-content\/uploads\/2026\/01\/cropped-z7377435132739_591c3c6651a3cd29d71580a6881228e2-1.jpg\",\"contentUrl\":\"https:\/\/seasonfashion.site\/wp-content\/uploads\/2026\/01\/cropped-z7377435132739_591c3c6651a3cd29d71580a6881228e2-1.jpg\",\"width\":1045,\"height\":576,\"caption\":\"Season Fashion\"},\"image\":{\"@id\":\"https:\/\/seasonfashion.site\/#\/schema\/logo\/image\/\"}}]}<\/script>\n<!-- \/ Yoast SEO plugin. -->","yoast_head_json":{"title":"\u00c1o s\u01a1 mi n\u1eef - SF0087 - Season Fashion","robots":{"index":"index","follow":"follow","max-snippet":"max-snippet:-1","max-image-preview":"max-image-preview:large","max-video-preview":"max-video-preview:-1"},"canonical":"https:\/\/seasonfashion.site\/index.php\/san-pham\/ao-so-mi-nu-sf0087\/","og_locale":"vi_VN","og_type":"article","og_title":"\u00c1o s\u01a1 mi n\u1eef - SF0087 - Season Fashion","og_description":"\u00c1o s\u01a1 mi n\u1eef \u0111\u01b0\u1ee3c thi\u1ebft k\u1ebf thanh l\u1ecbch, n\u1eef t\u00ednh, ph\u00f9 h\u1ee3p cho nhi\u1ec1u ho\u00e0n c\u1ea3nh kh\u00e1c nhau. Ch\u1ea5t li\u1ec7u v\u1ea3i m\u1ec1m m\u1ea1i, tho\u00e1ng m\u00e1t, t\u1ea1o c\u1ea3m gi\u00e1c d\u1ec5 ch\u1ecbu khi m\u1eb7c c\u1ea3 ng\u00e0y. Form d\u00e1ng v\u1eeba v\u1eb7n, t\u00f4n d\u00e1ng, d\u1ec5 ph\u1ed1i c\u00f9ng qu\u1ea7n \u00e2u, ch\u00e2n v\u00e1y ho\u1eb7c jeans, th\u00edch h\u1ee3p \u0111i l\u00e0m, \u0111i &hellip; \u0110\u1ecdc ti\u1ebfp \"\u00c1o s\u01a1 mi n\u1eef &#8211; SF0087\"","og_url":"https:\/\/seasonfashion.site\/index.php\/san-pham\/ao-so-mi-nu-sf0087\/","og_site_name":"Season Fashion","article_modified_time":"2026-01-05T08:31:50+00:00","og_image":[{"width":1392,"height":752,"url":"https:\/\/seasonfashion.site\/wp-content\/uploads\/2026\/01\/z7384598046583_b94e5266617285efcb8d2a0a5d53eb22.jpg","type":"image\/jpeg"}],"twitter_card":"summary_large_image","twitter_misc":{"\u01af\u1edbc t\u00ednh th\u1eddi gian \u0111\u1ecdc":"1 ph\u00fat"},"schema":{"@context":"https:\/\/schema.org","@graph":[{"@type":"WebPage","@id":"https:\/\/seasonfashion.site\/index.php\/san-pham\/ao-so-mi-nu-sf0087\/","url":"https:\/\/seasonfashion.site\/index.php\/san-pham\/ao-so-mi-nu-sf0087\/","name":"\u00c1o s\u01a1 mi n\u1eef - SF0087 - Season Fashion","isPartOf":{"@id":"https:\/\/seasonfashion.site\/#website"},"primaryImageOfPage":{"@id":"https:\/\/seasonfashion.site\/index.php\/san-pham\/ao-so-mi-nu-sf0087\/#primaryimage"},"image":{"@id":"https:\/\/seasonfashion.site\/index.php\/san-pham\/ao-so-mi-nu-sf0087\/#primaryimage"},"thumbnailUrl":"https:\/\/seasonfashion.site\/wp-content\/uploads\/2026\/01\/z7384598046583_b94e5266617285efcb8d2a0a5d53eb22.jpg","datePublished":"2026-01-05T08:27:32+00:00","dateModified":"2026-01-05T08:31:50+00:00","breadcrumb":{"@id":"https:\/\/seasonfashion.site\/index.php\/san-pham\/ao-so-mi-nu-sf0087\/#breadcrumb"},"inLanguage":"vi","potentialAction":[{"@type":"ReadAction","target":["https:\/\/seasonfashion.site\/index.php\/san-pham\/ao-so-mi-nu-sf0087\/"]}]},{"@type":"ImageObject","inLanguage":"vi","@id":"https:\/\/seasonfashion.site\/index.php\/san-pham\/ao-so-mi-nu-sf0087\/#primaryimage","url":"https:\/\/seasonfashion.site\/wp-content\/uploads\/2026\/01\/z7384598046583_b94e5266617285efcb8d2a0a5d53eb22.jpg","contentUrl":"https:\/\/seasonfashion.site\/wp-content\/uploads\/2026\/01\/z7384598046583_b94e5266617285efcb8d2a0a5d53eb22.jpg","width":1392,"height":752},{"@type":"BreadcrumbList","@id":"https:\/\/seasonfashion.site\/index.php\/san-pham\/ao-so-mi-nu-sf0087\/#breadcrumb","itemListElement":[{"@type":"ListItem","position":1,"name":"Trang ch\u1ee7","item":"https:\/\/seasonfashion.site\/"},{"@type":"ListItem","position":2,"name":"C\u1eeda h\u00e0ng","item":"https:\/\/seasonfashion.site\/"},{"@type":"ListItem","position":3,"name":"\u00c1o s\u01a1 mi n\u1eef &#8211; SF0087"}]},{"@type":"WebSite","@id":"https:\/\/seasonfashion.site\/#website","url":"https:\/\/seasonfashion.site\/","name":"Season Fashion","description":"","publisher":{"@id":"https:\/\/seasonfashion.site\/#organization"},"potentialAction":[{"@type":"SearchAction","target":{"@type":"EntryPoint","urlTemplate":"https:\/\/seasonfashion.site\/?s={search_term_string}"},"query-input":{"@type":"PropertyValueSpecification","valueRequired":true,"valueName":"search_term_string"}}],"inLanguage":"vi"},{"@type":"Organization","@id":"https:\/\/seasonfashion.site\/#organization","name":"Season Fashion","url":"https:\/\/seasonfashion.site\/","logo":{"@type":"ImageObject","inLanguage":"vi","@id":"https:\/\/seasonfashion.site\/#\/schema\/logo\/image\/","url":"https:\/\/seasonfashion.site\/wp-content\/uploads\/2026\/01\/cropped-z7377435132739_591c3c6651a3cd29d71580a6881228e2-1.jpg","contentUrl":"https:\/\/seasonfashion.site\/wp-content\/uploads\/2026\/01\/cropped-z7377435132739_591c3c6651a3cd29d71580a6881228e2-1.jpg","width":1045,"height":576,"caption":"Season Fashion"},"image":{"@id":"https:\/\/seasonfashion.site\/#\/schema\/logo\/image\/"}}]}},"jetpack_sharing_enabled":true,"_links":{"self":[{"href":"https:\/\/seasonfashion.site\/index.php\/wp-json\/wp\/v2\/product\/156","targetHints":{"allow":["GET"]}}],"collection":[{"href":"https:\/\/seasonfashion.site\/index.php\/wp-json\/wp\/v2\/product"}],"about":[{"href":"https:\/\/seasonfashion.site\/index.php\/wp-json\/wp\/v2\/types\/product"}],"replies":[{"embeddable":true,"href":"https:\/\/seasonfashion.site\/index.php\/wp-json\/wp\/v2\/comments?post=156"}],"wp:featuredmedia":[{"embeddable":true,"href":"https:\/\/seasonfashion.site\/index.php\/wp-json\/wp\/v2\/media\/96"}],"wp:attachment":[{"href":"https:\/\/seasonfashion.site\/index.php\/wp-json\/wp\/v2\/media?parent=156"}],"wp:term":[{"taxonomy":"product_brand","embeddable":true,"href":"https:\/\/seasonfashion.site\/index.php\/wp-json\/wp\/v2\/product_brand?post=156"},{"taxonomy":"product_cat","embeddable":true,"href":"https:\/\/seasonfashion.site\/index.php\/wp-json\/wp\/v2\/product_cat?post=156"},{"taxonomy":"product_tag","embeddable":true,"href":"https:\/\/seasonfashion.site\/index.php\/wp-json\/wp\/v2\/product_tag?post=156"}],"curies":[{"name":"wp","href":"https:\/\/api.w.org\/{rel}","templated":true}]}}