{"id":132,"date":"2026-01-05T07:56:09","date_gmt":"2026-01-05T07:56:09","guid":{"rendered":"https:\/\/seasonfashion.site\/?post_type=product&#038;p=132"},"modified":"2026-01-05T08:38:58","modified_gmt":"2026-01-05T08:38:58","slug":"combo-2-ao-thun-mua-thu-ms2339","status":"publish","type":"product","link":"https:\/\/seasonfashion.site\/index.php\/san-pham\/combo-2-ao-thun-mua-thu-ms2339\/","title":{"rendered":"Combo 2 \u00e1o thun m\u00f9a thu &#8211; SF2339"},"content":{"rendered":"<p data-start=\"91\" data-end=\"437\"><strong data-start=\"91\" data-end=\"109\">M\u00f4 t\u1ea3 s\u1ea3n ph\u1ea9m<\/strong><br data-start=\"109\" data-end=\"112\" \/>Combo 2 \u00e1o thun mang phong c\u00e1ch basic, t\u1ed1i gi\u1ea3n, ph\u00f9 h\u1ee3p m\u1eb7c h\u1eb1ng ng\u00e0y. Ch\u1ea5t li\u1ec7u cotton m\u1ec1m m\u1ea1i, tho\u00e1ng kh\u00ed, th\u1ea5m h\u00fat m\u1ed3 h\u00f4i t\u1ed1t, t\u1ea1o c\u1ea3m gi\u00e1c tho\u1ea3i m\u00e1i khi m\u1eb7c c\u1ea3 ng\u00e0y d\u00e0i. Thi\u1ebft k\u1ebf \u0111\u01a1n gi\u1ea3n, d\u1ec5 ph\u1ed1i \u0111\u1ed3, ph\u00f9 h\u1ee3p cho \u0111i h\u1ecdc, \u0111i ch\u01a1i hay sinh ho\u1ea1t th\u01b0\u1eddng ng\u00e0y. Mua combo gi\u00fap ti\u1ebft ki\u1ec7m chi ph\u00ed v\u00e0 \u0111a d\u1ea1ng l\u1ef1a ch\u1ecdn trang ph\u1ee5c.<\/p>\n<p data-start=\"439\" data-end=\"462\"><strong data-start=\"439\" data-end=\"460\">Th\u00f4ng s\u1ed1 s\u1ea3n ph\u1ea9m<\/strong><\/p>\n<ul data-start=\"463\" data-end=\"888\">\n<li data-start=\"463\" data-end=\"498\">\n<p data-start=\"465\" data-end=\"498\"><strong data-start=\"465\" data-end=\"478\">S\u1ed1 l\u01b0\u1ee3ng:<\/strong> 2 \u00e1o thun<\/p>\n<\/li>\n<li data-start=\"499\" data-end=\"537\">\n<p data-start=\"501\" data-end=\"537\"><strong data-start=\"501\" data-end=\"515\">Ch\u1ea5t li\u1ec7u:<\/strong> Cotton \/ cotton pha<\/p>\n<\/li>\n<li data-start=\"538\" data-end=\"581\">\n<p data-start=\"540\" data-end=\"581\"><strong data-start=\"540\" data-end=\"554\">Form d\u00e1ng:<\/strong> Regular fit (d\u00e1ng su\u00f4ng)<\/p>\n<\/li>\n<li data-start=\"582\" data-end=\"619\">\n<p data-start=\"584\" data-end=\"619\"><strong data-start=\"584\" data-end=\"595\">\u0110\u1ed9 d\u00e0y:<\/strong> M\u1ecfng v\u1eeba \u2013 tho\u00e1ng m\u00e1t<\/p>\n<\/li>\n<li data-start=\"620\" data-end=\"642\">\n<p data-start=\"622\" data-end=\"642\"><strong data-start=\"622\" data-end=\"632\">C\u1ed5 \u00e1o:<\/strong> C\u1ed5 tr\u00f2n<\/p>\n<\/li>\n<li data-start=\"643\" data-end=\"667\">\n<p data-start=\"645\" data-end=\"667\"><strong data-start=\"645\" data-end=\"656\">Tay \u00e1o:<\/strong> Tay ng\u1eafn<\/p>\n<\/li>\n<li data-start=\"668\" data-end=\"731\">\n<p data-start=\"670\" data-end=\"731\"><strong data-start=\"670\" data-end=\"682\">M\u00e0u s\u1eafc: <\/strong>\u00a0tr\u1eafng \/ be<\/p>\n<\/li>\n<li data-start=\"668\" data-end=\"731\">\n<p data-start=\"670\" data-end=\"731\"><strong data-start=\"734\" data-end=\"743\">Size:<\/strong> S \u2013 M \u2013 L \u2013 XL<\/p>\n<\/li>\n<li data-start=\"761\" data-end=\"786\">\n<p data-start=\"763\" data-end=\"786\"><strong data-start=\"763\" data-end=\"775\">Xu\u1ea5t x\u1ee9:<\/strong> Vi\u1ec7t Nam<\/p>\n<\/li>\n<li data-start=\"787\" data-end=\"888\">\n<p data-start=\"789\" data-end=\"888\"><strong data-start=\"789\" data-end=\"812\">H\u01b0\u1edbng d\u1eabn b\u1ea3o qu\u1ea3n:<\/strong> Gi\u1eb7t m\u00e1y ch\u1ebf \u0111\u1ed9 nh\u1eb9, kh\u00f4ng t\u1ea9y m\u1ea1nh, l\u1ed9n tr\u00e1i khi gi\u1eb7t, ph\u01a1i n\u01a1i tho\u00e1ng m\u00e1t<\/p>\n<\/li>\n<\/ul>\n","protected":false},"excerpt":{"rendered":"<p>M\u00f4 t\u1ea3 s\u1ea3n ph\u1ea9mCombo 2 \u00e1o thun mang phong c\u00e1ch basic, t\u1ed1i gi\u1ea3n, ph\u00f9 h\u1ee3p m\u1eb7c h\u1eb1ng ng\u00e0y. Ch\u1ea5t li\u1ec7u cotton m\u1ec1m m\u1ea1i, tho\u00e1ng kh\u00ed, th\u1ea5m h\u00fat m\u1ed3 h\u00f4i t\u1ed1t, t\u1ea1o c\u1ea3m gi\u00e1c tho\u1ea3i m\u00e1i khi m\u1eb7c c\u1ea3 ng\u00e0y d\u00e0i. Thi\u1ebft k\u1ebf \u0111\u01a1n gi\u1ea3n, d\u1ec5 ph\u1ed1i \u0111\u1ed3, ph\u00f9 h\u1ee3p cho \u0111i h\u1ecdc, \u0111i ch\u01a1i hay &hellip; <\/p>\n<p class=\"link-more\"><a href=\"https:\/\/seasonfashion.site\/index.php\/san-pham\/combo-2-ao-thun-mua-thu-ms2339\/\" class=\"more-link\">\u0110\u1ecdc ti\u1ebfp<span class=\"screen-reader-text\"> &#8220;Combo 2 \u00e1o thun m\u00f9a thu &#8211; SF2339&#8221;<\/span><\/a><\/p>\n","protected":false},"featured_media":100,"comment_status":"open","ping_status":"closed","template":"","meta":[],"product_brand":[],"product_cat":[18],"product_tag":[],"class_list":{"0":"post-132","1":"product","2":"type-product","3":"status-publish","4":"has-post-thumbnail","6":"product_cat-ao-thun","7":"entry","9":"first","10":"instock","11":"sale","12":"shipping-taxable","13":"purchasable","14":"product-type-simple"},"yoast_head":"<!-- This site is optimized with the Yoast SEO plugin v26.8 - https:\/\/yoast.com\/product\/yoast-seo-wordpress\/ -->\n<title>Combo 2 \u00e1o thun m\u00f9a thu - SF2339 - Season Fashion<\/title>\n<meta name=\"robots\" content=\"index, follow, max-snippet:-1, max-image-preview:large, max-video-preview:-1\" \/>\n<link rel=\"canonical\" href=\"https:\/\/seasonfashion.site\/index.php\/san-pham\/combo-2-ao-thun-mua-thu-ms2339\/\" \/>\n<meta property=\"og:locale\" content=\"vi_VN\" \/>\n<meta property=\"og:type\" content=\"article\" \/>\n<meta property=\"og:title\" content=\"Combo 2 \u00e1o thun m\u00f9a thu - SF2339 - Season Fashion\" \/>\n<meta property=\"og:description\" content=\"M\u00f4 t\u1ea3 s\u1ea3n ph\u1ea9mCombo 2 \u00e1o thun mang phong c\u00e1ch basic, t\u1ed1i gi\u1ea3n, ph\u00f9 h\u1ee3p m\u1eb7c h\u1eb1ng ng\u00e0y. Ch\u1ea5t li\u1ec7u cotton m\u1ec1m m\u1ea1i, tho\u00e1ng kh\u00ed, th\u1ea5m h\u00fat m\u1ed3 h\u00f4i t\u1ed1t, t\u1ea1o c\u1ea3m gi\u00e1c tho\u1ea3i m\u00e1i khi m\u1eb7c c\u1ea3 ng\u00e0y d\u00e0i. Thi\u1ebft k\u1ebf \u0111\u01a1n gi\u1ea3n, d\u1ec5 ph\u1ed1i \u0111\u1ed3, ph\u00f9 h\u1ee3p cho \u0111i h\u1ecdc, \u0111i ch\u01a1i hay &hellip; \u0110\u1ecdc ti\u1ebfp &quot;Combo 2 \u00e1o thun m\u00f9a thu &#8211; SF2339&quot;\" \/>\n<meta property=\"og:url\" content=\"https:\/\/seasonfashion.site\/index.php\/san-pham\/combo-2-ao-thun-mua-thu-ms2339\/\" \/>\n<meta property=\"og:site_name\" content=\"Season Fashion\" \/>\n<meta property=\"article:modified_time\" content=\"2026-01-05T08:38:58+00:00\" \/>\n<meta property=\"og:image\" content=\"https:\/\/seasonfashion.site\/wp-content\/uploads\/2026\/01\/z7384708410845_bda67398406cabd456cd7cb834905db4.jpg\" \/>\n\t<meta property=\"og:image:width\" content=\"580\" \/>\n\t<meta property=\"og:image:height\" content=\"387\" \/>\n\t<meta property=\"og:image:type\" content=\"image\/jpeg\" \/>\n<meta name=\"twitter:card\" content=\"summary_large_image\" \/>\n<meta name=\"twitter:label1\" content=\"\u01af\u1edbc t\u00ednh th\u1eddi gian \u0111\u1ecdc\" \/>\n\t<meta name=\"twitter:data1\" content=\"1 ph\u00fat\" \/>\n<script type=\"application\/ld+json\" class=\"yoast-schema-graph\">{\"@context\":\"https:\/\/schema.org\",\"@graph\":[{\"@type\":\"WebPage\",\"@id\":\"https:\/\/seasonfashion.site\/index.php\/san-pham\/combo-2-ao-thun-mua-thu-ms2339\/\",\"url\":\"https:\/\/seasonfashion.site\/index.php\/san-pham\/combo-2-ao-thun-mua-thu-ms2339\/\",\"name\":\"Combo 2 \u00e1o thun m\u00f9a thu - SF2339 - Season Fashion\",\"isPartOf\":{\"@id\":\"https:\/\/seasonfashion.site\/#website\"},\"primaryImageOfPage\":{\"@id\":\"https:\/\/seasonfashion.site\/index.php\/san-pham\/combo-2-ao-thun-mua-thu-ms2339\/#primaryimage\"},\"image\":{\"@id\":\"https:\/\/seasonfashion.site\/index.php\/san-pham\/combo-2-ao-thun-mua-thu-ms2339\/#primaryimage\"},\"thumbnailUrl\":\"https:\/\/seasonfashion.site\/wp-content\/uploads\/2026\/01\/z7384708410845_bda67398406cabd456cd7cb834905db4.jpg\",\"datePublished\":\"2026-01-05T07:56:09+00:00\",\"dateModified\":\"2026-01-05T08:38:58+00:00\",\"breadcrumb\":{\"@id\":\"https:\/\/seasonfashion.site\/index.php\/san-pham\/combo-2-ao-thun-mua-thu-ms2339\/#breadcrumb\"},\"inLanguage\":\"vi\",\"potentialAction\":[{\"@type\":\"ReadAction\",\"target\":[\"https:\/\/seasonfashion.site\/index.php\/san-pham\/combo-2-ao-thun-mua-thu-ms2339\/\"]}]},{\"@type\":\"ImageObject\",\"inLanguage\":\"vi\",\"@id\":\"https:\/\/seasonfashion.site\/index.php\/san-pham\/combo-2-ao-thun-mua-thu-ms2339\/#primaryimage\",\"url\":\"https:\/\/seasonfashion.site\/wp-content\/uploads\/2026\/01\/z7384708410845_bda67398406cabd456cd7cb834905db4.jpg\",\"contentUrl\":\"https:\/\/seasonfashion.site\/wp-content\/uploads\/2026\/01\/z7384708410845_bda67398406cabd456cd7cb834905db4.jpg\",\"width\":580,\"height\":387},{\"@type\":\"BreadcrumbList\",\"@id\":\"https:\/\/seasonfashion.site\/index.php\/san-pham\/combo-2-ao-thun-mua-thu-ms2339\/#breadcrumb\",\"itemListElement\":[{\"@type\":\"ListItem\",\"position\":1,\"name\":\"Trang ch\u1ee7\",\"item\":\"https:\/\/seasonfashion.site\/\"},{\"@type\":\"ListItem\",\"position\":2,\"name\":\"C\u1eeda h\u00e0ng\",\"item\":\"https:\/\/seasonfashion.site\/\"},{\"@type\":\"ListItem\",\"position\":3,\"name\":\"Combo 2 \u00e1o thun m\u00f9a thu &#8211; SF2339\"}]},{\"@type\":\"WebSite\",\"@id\":\"https:\/\/seasonfashion.site\/#website\",\"url\":\"https:\/\/seasonfashion.site\/\",\"name\":\"Season Fashion\",\"description\":\"\",\"publisher\":{\"@id\":\"https:\/\/seasonfashion.site\/#organization\"},\"potentialAction\":[{\"@type\":\"SearchAction\",\"target\":{\"@type\":\"EntryPoint\",\"urlTemplate\":\"https:\/\/seasonfashion.site\/?s={search_term_string}\"},\"query-input\":{\"@type\":\"PropertyValueSpecification\",\"valueRequired\":true,\"valueName\":\"search_term_string\"}}],\"inLanguage\":\"vi\"},{\"@type\":\"Organization\",\"@id\":\"https:\/\/seasonfashion.site\/#organization\",\"name\":\"Season Fashion\",\"url\":\"https:\/\/seasonfashion.site\/\",\"logo\":{\"@type\":\"ImageObject\",\"inLanguage\":\"vi\",\"@id\":\"https:\/\/seasonfashion.site\/#\/schema\/logo\/image\/\",\"url\":\"https:\/\/seasonfashion.site\/wp-content\/uploads\/2026\/01\/cropped-z7377435132739_591c3c6651a3cd29d71580a6881228e2-1.jpg\",\"contentUrl\":\"https:\/\/seasonfashion.site\/wp-content\/uploads\/2026\/01\/cropped-z7377435132739_591c3c6651a3cd29d71580a6881228e2-1.jpg\",\"width\":1045,\"height\":576,\"caption\":\"Season Fashion\"},\"image\":{\"@id\":\"https:\/\/seasonfashion.site\/#\/schema\/logo\/image\/\"}}]}<\/script>\n<!-- \/ Yoast SEO plugin. -->","yoast_head_json":{"title":"Combo 2 \u00e1o thun m\u00f9a thu - SF2339 - Season Fashion","robots":{"index":"index","follow":"follow","max-snippet":"max-snippet:-1","max-image-preview":"max-image-preview:large","max-video-preview":"max-video-preview:-1"},"canonical":"https:\/\/seasonfashion.site\/index.php\/san-pham\/combo-2-ao-thun-mua-thu-ms2339\/","og_locale":"vi_VN","og_type":"article","og_title":"Combo 2 \u00e1o thun m\u00f9a thu - SF2339 - Season Fashion","og_description":"M\u00f4 t\u1ea3 s\u1ea3n ph\u1ea9mCombo 2 \u00e1o thun mang phong c\u00e1ch basic, t\u1ed1i gi\u1ea3n, ph\u00f9 h\u1ee3p m\u1eb7c h\u1eb1ng ng\u00e0y. Ch\u1ea5t li\u1ec7u cotton m\u1ec1m m\u1ea1i, tho\u00e1ng kh\u00ed, th\u1ea5m h\u00fat m\u1ed3 h\u00f4i t\u1ed1t, t\u1ea1o c\u1ea3m gi\u00e1c tho\u1ea3i m\u00e1i khi m\u1eb7c c\u1ea3 ng\u00e0y d\u00e0i. Thi\u1ebft k\u1ebf \u0111\u01a1n gi\u1ea3n, d\u1ec5 ph\u1ed1i \u0111\u1ed3, ph\u00f9 h\u1ee3p cho \u0111i h\u1ecdc, \u0111i ch\u01a1i hay &hellip; \u0110\u1ecdc ti\u1ebfp \"Combo 2 \u00e1o thun m\u00f9a thu &#8211; SF2339\"","og_url":"https:\/\/seasonfashion.site\/index.php\/san-pham\/combo-2-ao-thun-mua-thu-ms2339\/","og_site_name":"Season Fashion","article_modified_time":"2026-01-05T08:38:58+00:00","og_image":[{"width":580,"height":387,"url":"https:\/\/seasonfashion.site\/wp-content\/uploads\/2026\/01\/z7384708410845_bda67398406cabd456cd7cb834905db4.jpg","type":"image\/jpeg"}],"twitter_card":"summary_large_image","twitter_misc":{"\u01af\u1edbc t\u00ednh th\u1eddi gian \u0111\u1ecdc":"1 ph\u00fat"},"schema":{"@context":"https:\/\/schema.org","@graph":[{"@type":"WebPage","@id":"https:\/\/seasonfashion.site\/index.php\/san-pham\/combo-2-ao-thun-mua-thu-ms2339\/","url":"https:\/\/seasonfashion.site\/index.php\/san-pham\/combo-2-ao-thun-mua-thu-ms2339\/","name":"Combo 2 \u00e1o thun m\u00f9a thu - SF2339 - Season Fashion","isPartOf":{"@id":"https:\/\/seasonfashion.site\/#website"},"primaryImageOfPage":{"@id":"https:\/\/seasonfashion.site\/index.php\/san-pham\/combo-2-ao-thun-mua-thu-ms2339\/#primaryimage"},"image":{"@id":"https:\/\/seasonfashion.site\/index.php\/san-pham\/combo-2-ao-thun-mua-thu-ms2339\/#primaryimage"},"thumbnailUrl":"https:\/\/seasonfashion.site\/wp-content\/uploads\/2026\/01\/z7384708410845_bda67398406cabd456cd7cb834905db4.jpg","datePublished":"2026-01-05T07:56:09+00:00","dateModified":"2026-01-05T08:38:58+00:00","breadcrumb":{"@id":"https:\/\/seasonfashion.site\/index.php\/san-pham\/combo-2-ao-thun-mua-thu-ms2339\/#breadcrumb"},"inLanguage":"vi","potentialAction":[{"@type":"ReadAction","target":["https:\/\/seasonfashion.site\/index.php\/san-pham\/combo-2-ao-thun-mua-thu-ms2339\/"]}]},{"@type":"ImageObject","inLanguage":"vi","@id":"https:\/\/seasonfashion.site\/index.php\/san-pham\/combo-2-ao-thun-mua-thu-ms2339\/#primaryimage","url":"https:\/\/seasonfashion.site\/wp-content\/uploads\/2026\/01\/z7384708410845_bda67398406cabd456cd7cb834905db4.jpg","contentUrl":"https:\/\/seasonfashion.site\/wp-content\/uploads\/2026\/01\/z7384708410845_bda67398406cabd456cd7cb834905db4.jpg","width":580,"height":387},{"@type":"BreadcrumbList","@id":"https:\/\/seasonfashion.site\/index.php\/san-pham\/combo-2-ao-thun-mua-thu-ms2339\/#breadcrumb","itemListElement":[{"@type":"ListItem","position":1,"name":"Trang ch\u1ee7","item":"https:\/\/seasonfashion.site\/"},{"@type":"ListItem","position":2,"name":"C\u1eeda h\u00e0ng","item":"https:\/\/seasonfashion.site\/"},{"@type":"ListItem","position":3,"name":"Combo 2 \u00e1o thun m\u00f9a thu &#8211; SF2339"}]},{"@type":"WebSite","@id":"https:\/\/seasonfashion.site\/#website","url":"https:\/\/seasonfashion.site\/","name":"Season Fashion","description":"","publisher":{"@id":"https:\/\/seasonfashion.site\/#organization"},"potentialAction":[{"@type":"SearchAction","target":{"@type":"EntryPoint","urlTemplate":"https:\/\/seasonfashion.site\/?s={search_term_string}"},"query-input":{"@type":"PropertyValueSpecification","valueRequired":true,"valueName":"search_term_string"}}],"inLanguage":"vi"},{"@type":"Organization","@id":"https:\/\/seasonfashion.site\/#organization","name":"Season Fashion","url":"https:\/\/seasonfashion.site\/","logo":{"@type":"ImageObject","inLanguage":"vi","@id":"https:\/\/seasonfashion.site\/#\/schema\/logo\/image\/","url":"https:\/\/seasonfashion.site\/wp-content\/uploads\/2026\/01\/cropped-z7377435132739_591c3c6651a3cd29d71580a6881228e2-1.jpg","contentUrl":"https:\/\/seasonfashion.site\/wp-content\/uploads\/2026\/01\/cropped-z7377435132739_591c3c6651a3cd29d71580a6881228e2-1.jpg","width":1045,"height":576,"caption":"Season Fashion"},"image":{"@id":"https:\/\/seasonfashion.site\/#\/schema\/logo\/image\/"}}]}},"jetpack_sharing_enabled":true,"_links":{"self":[{"href":"https:\/\/seasonfashion.site\/index.php\/wp-json\/wp\/v2\/product\/132","targetHints":{"allow":["GET"]}}],"collection":[{"href":"https:\/\/seasonfashion.site\/index.php\/wp-json\/wp\/v2\/product"}],"about":[{"href":"https:\/\/seasonfashion.site\/index.php\/wp-json\/wp\/v2\/types\/product"}],"replies":[{"embeddable":true,"href":"https:\/\/seasonfashion.site\/index.php\/wp-json\/wp\/v2\/comments?post=132"}],"wp:featuredmedia":[{"embeddable":true,"href":"https:\/\/seasonfashion.site\/index.php\/wp-json\/wp\/v2\/media\/100"}],"wp:attachment":[{"href":"https:\/\/seasonfashion.site\/index.php\/wp-json\/wp\/v2\/media?parent=132"}],"wp:term":[{"taxonomy":"product_brand","embeddable":true,"href":"https:\/\/seasonfashion.site\/index.php\/wp-json\/wp\/v2\/product_brand?post=132"},{"taxonomy":"product_cat","embeddable":true,"href":"https:\/\/seasonfashion.site\/index.php\/wp-json\/wp\/v2\/product_cat?post=132"},{"taxonomy":"product_tag","embeddable":true,"href":"https:\/\/seasonfashion.site\/index.php\/wp-json\/wp\/v2\/product_tag?post=132"}],"curies":[{"name":"wp","href":"https:\/\/api.w.org\/{rel}","templated":true}]}}